{"id":8384,"date":"2016-11-29T10:38:53","date_gmt":"2016-11-29T10:38:53","guid":{"rendered":"http:\/\/www.studiokappa.it\/?page_id=8384"},"modified":"2017-08-21T11:32:57","modified_gmt":"2017-08-21T11:32:57","slug":"lettonia-lituania-e-bielorussia-il-contributo-di-simone-deflorian","status":"publish","type":"page","link":"https:\/\/www.studiokappa.it\/?page_id=8384","title":{"rendered":"Lettonia, Lituania e Bielorussia, il contributo di Simone Deflorian &#8211; articolo"},"content":{"rendered":"<p><strong><span style=\"color: #6600ff; font-size: medium;\">Nord Europa, cittadini costruttori di politiche locali<\/span><\/strong><br \/>\n<em><span style=\"color: #6600ff; font-size: medium;\">Lettonia, Lituania e Bielorussia, il contributo di Simone Deflorian alla spinta di advocacy e partecipazione diretta degli abitanti alla definizione delle policies di sviluppo micro-locale<\/span><\/em><\/p>\n<div align=\"center\">[slideshow_deploy id=&#8217;9645&#8242;]<\/div>\n<p>A Ottobre di quest&#8217;anno, dalla regione del Latgale, in Lettonia, \u00e8 partita la pianificazione partecipata e l&#8217;implementazione di un intervento di sviluppo locale, concernente l&#8217;attivazione della partecipazione dei cittadini di tre regioni confinanti di Lettonia, Lituania e Bielorussia.<br \/>\nL&#8217;intervento di <strong>ingegneria sociale<\/strong>, realizzato con la consulenza di <strong><a style=\"text-decoration: none;\" title=\"Vai alla pagina di Simone Deflorian\" href=\"http:\/\/www.studiokappa.it\/?page_id=108\">Simone Deflorian<\/a><\/strong>, ha la funzione di mettere in moto un <strong>processo partecipativo dei cittadini<\/strong>, capace di contribuire ai processi decisionali delle <strong>politiche di sviluppo micro-locale<\/strong> dei territori in cui abitano.<br \/>\nLa durata dell&#8217;intervento \u00e8 inizialmente di tre anni. <\/p>\n<p>L&#8217;intervento \u00e8 sostenuto finanziariamente e come indirizzi di politiche di sviluppo locale dall&#8217;Unione Europea.<br \/>\nIn questa fase, si stanno definendo le partnership con le Universit\u00e0 del territorio (tra queste, l&#8217;Universit\u00e0 di Kaunas, seconda citt\u00e0 della Lituania per numero di abitanti), i media nazionali e i soggetti professionali interessati all&#8217;intervento.<\/p>\n<p>L&#8217;intervento supera i percorsi di <strong>Community Building<\/strong>, <strong>Sviluppo di Comunit\u00e0<\/strong> e <strong>Rigenerazione Urbana<\/strong>.<br \/>\nRiconosce e qualifica l&#8217;intervento dei cittadini come <strong>soggetti politici<\/strong> con piena cittadinanza nel <strong>co-definire le politiche di sviluppo micro-locale<\/strong> del territorio che abitano, assumendo in maniera diretta la responsabilit\u00e0 di individuare i temi da affrontare e risolvere, trovare le risorse necessarie e concorrere alla risoluzione dei problemi che le persone vivono in comune.<\/p>\n<p>La sfida \u00e8 quella di adattare a tale aree del Nord Europa i modelli di intervento applicati, sperimentati e testati prevalentemente in Sud Europa, ove le condizioni climatiche sono molto differenti di tali Paesi.<br \/>\nLe caratteristiche climatiche condizionano e definiscono gli stili di vita, le abitudini e le mentalit\u00e0 delle persone.<\/p>\n<p>L&#8217;intervento trae spunto dagli approcci, dai metodi, dalle sperimentazioni di <a style=\"text-decoration: none;\" title=\"Vai alla pagina relativa alla Settimana Residenziale di Formazione sul Metodo di Paulo Freire\" href=\"http:\/\/www.studiokappa.it\/?page_id=1265\">Paulo Freire<\/a>, Danilo Dolci, Raffaello Martini, David Chavis e Gene Sharp, che da molti anni costituiscono (insieme a Ivan Illich e Lorenzo Milani) il filo conduttore degli interventi di <strong>rigenerazione urbana<\/strong> e <strong>bonifica sociale<\/strong> sperimentati da <strong><a style=\"text-decoration: none;\" title=\"Vai alla pagina di Simone Deflorian\" href=\"http:\/\/www.studiokappa.it\/?page_id=108\">Simone Deflorian<\/a><\/strong> in Italia, Svizzera e Nord Europa, sia negli interventi di sistema con il territorio, che nel corso della formazione nelle Universit\u00e0.<\/p>\n<p><em>Non c&#8217;\u00e8 smart city che non sia human city!<\/em><br \/>\n<em><br \/>\n<\/em><br \/>\nArticolo a cura di<br \/>\n<a href=\"http:\/\/www.studiokappa.it\/?page_id=5555\"><img decoding=\"async\" class=\"alignleft size-full wp-image-134\" style=\"margin-left: 10px; margin-right: 10px;\" title=\"Anna Zumbo\" src=\"http:\/\/www.studiokappa.it\/wp-content\/uploads\/2014\/05\/Anna_Zumbosmall.jpg\" alt=\"Anna Zumbo\" width=\"54\" height=\"64\" \/><\/a><a title=\"Anna Zumbo\" href=\"http:\/\/www.studiokappa.it\/?page_id=5555\" target=\"_self\" style=\"text-decoration:none\"><strong>Anna Zumbo<\/strong><\/a><\/p>\n<p><a title=\"Anna Zumbo\" href=\"http:\/\/www.studiokappa.it\/?page_id=5555\" target=\"_self\" style=\"text-decoration:none\"><em>Rafforzamento delle Organizzazioni e Sviluppo di Comunit\u00e0<\/em><\/a><br \/>\n<em><br \/>\n<\/em><\/p>\n","protected":false},"excerpt":{"rendered":"<p>Nord Europa, cittadini costruttori di politiche locali Lettonia, Lituania e Bielorussia, il contributo di Simone Deflorian alla spinta di advocacy e partecipazione diretta degli abitanti alla definizione delle policies di sviluppo micro-locale [slideshow_deploy id=&#8217;9645&#8242;] A Ottobre di quest&#8217;anno, dalla regione del Latgale, in Lettonia, \u00e8 partita la pianificazione partecipata e l&#8217;implementazione di un intervento di [&hellip;]<\/p>\n","protected":false},"author":1,"featured_media":0,"parent":0,"menu_order":0,"comment_status":"closed","ping_status":"closed","template":"","meta":{"footnotes":""},"class_list":["post-8384","page","type-page","status-publish","hentry"],"_links":{"self":[{"href":"https:\/\/www.studiokappa.it\/index.php?rest_route=\/wp\/v2\/pages\/8384","targetHints":{"allow":["GET"]}}],"collection":[{"href":"https:\/\/www.studiokappa.it\/index.php?rest_route=\/wp\/v2\/pages"}],"about":[{"href":"https:\/\/www.studiokappa.it\/index.php?rest_route=\/wp\/v2\/types\/page"}],"author":[{"embeddable":true,"href":"https:\/\/www.studiokappa.it\/index.php?rest_route=\/wp\/v2\/users\/1"}],"replies":[{"embeddable":true,"href":"https:\/\/www.studiokappa.it\/index.php?rest_route=%2Fwp%2Fv2%2Fcomments&post=8384"}],"version-history":[{"count":0,"href":"https:\/\/www.studiokappa.it\/index.php?rest_route=\/wp\/v2\/pages\/8384\/revisions"}],"wp:attachment":[{"href":"https:\/\/www.studiokappa.it\/index.php?rest_route=%2Fwp%2Fv2%2Fmedia&parent=8384"}],"curies":[{"name":"wp","href":"https:\/\/api.w.org\/{rel}","templated":true}]}}