{"id":7702,"date":"2016-10-16T18:22:08","date_gmt":"2016-10-16T18:22:08","guid":{"rendered":"http:\/\/www.studiokappa.it\/?page_id=7702"},"modified":"2022-11-01T15:40:42","modified_gmt":"2022-11-01T15:40:42","slug":"anna-zumbo-biografia","status":"publish","type":"page","link":"https:\/\/www.studiokappa.it\/?page_id=7702","title":{"rendered":"Anna Zumbo &#8211; Biografia"},"content":{"rendered":"<table width=\"100%\" cellspacing=\"0\" cellpadding=\"0\" border=\"0\" align=\"center\">\n<tbody>\n<tr>\n<td style=\"width: 75%\" valign=\"top\"><strong><span style=\"color: #6600ff;font-size: medium\">Anna Zumbo<\/span><br \/>\n<\/strong><span style=\"color: #6600ff\">Rafforzamento delle Organizzazioni e Sviluppo di Comunit\u00e0<\/span><br \/>\n<em><br \/>\n<\/em><br \/>\n<strong>Biografia<\/strong><\/p>\n<p><span style=\"font-size: inherit;font-family: inherit;font-weight: inherit\">Scout impegnata a livello locale e regionale, matura sin da giovanissima una curiosit\u00e0 ed una passione politica per i temi della mondialit\u00e0, della giustizia sociale, e della nonviolenza indirizzandosi alla laurea in Scienze Politiche con indirizzo Politico-Sociale e coltivando negli stessi anni di studio un volontariato attivo nell&#8217;accoglienza dei migranti e nella solidariet\u00e0 internazionale viaggiando in diversi paesi dell&#8217;Africa francofona.<\/span><\/p>\n<p>Laureata nel 2001 con una tesi di ricerca sui nuovi processi di impoverimento nella citt\u00e0 di Sanremo &#8211;&nbsp; propria citt\u00e0 natale, gi\u00e0 lavora come vice-direttrice della Caritas diocesana di Ventimiglia &#8211; Sanremo occupandosi con passione dello sviluppo della dimensione culturale e promozionale propri del mandato dell&#8217;organizzazione ed al contempo del rafforzamento organizzativo della medesimo.<\/p>\n<p>La passione e lo studio delle dinamiche squilibrate tra Nord e Sud del mondo&nbsp; la portano a lavorare intensamente nella formazione delle nuove generazioni e a continuare a formarsi e viaggiare in diversi paesi del Centro America dove, incontrando e lavorando con diverse organizzazioni locali, scopre&nbsp; la potenza dell&#8217;educazione popolare e dell&#8217;approccio metodologico di Paulo Freire come leva ed acceleratore dei processi di emancipazione culturale e sociale.<\/p>\n<p>Intanto, in Italia si confronta con l&#8217;esperienza di vita comunitaria e la formazione degli obiettori di coscienza, con l&#8217;accoglienza e l&#8217;integrazione dei migranti sui territori e la formazione sulla gestione dei conflitti e la comunicazione nonviolenta.<\/p>\n<p>Nel 2004 viene chiamata a lavorare presso la Caritas Italiana e si trasferisce a Roma dove spende e rafforza le proprie competenze dedicandosi al rafforzamento organizzativo delle 220 Caritas diocesane&nbsp; distribuite sul territorio nazionale ed i relativi sforzi di esprimere un mandato di contrasto alla povert\u00e0 e di animazione delle comunit\u00e0 locali.&nbsp; Affina in questi anni le proprie competenze come formatore dei formatori e sviluppa un proprio stile metodologico reinventando l&#8217;approccio freireano a misura delle sfide poste dai territori. Pubblica&nbsp; numerosi testi e sussidi in cui sviluppa ed adatta questo approccio per il rafforzamento di gruppi e di comunit\u00e0.<\/p>\n<p>Nel 2007 co-fonda l&#8217;Associazione Popoli in Arte con cui promuovere in Italia la riscoperta dell&#8217;approccio metodologico di Paulo Freire.<\/p>\n<p>Diventa mamma di due bambini nel 2007 e nel 2009&nbsp; e nel 2010 decide, con il marito, di lasciare Roma e partire per Haiti dove, sempre per la Caritas Italiana si occupa del rafforzamento organizzativo e lo sviluppo istituzionale della Caritas nazionale Haiti (nella difficile fase di gestione degli interventi del post terremoto del 2010) e dello sviluppo del piano di intervento di Caritas Italiana nell&#8217;isola dove lavora nei successivi 4 anni con almeno un&nbsp; centinaio di partners locali ed internzionali.<\/p>\n<p>Viaggia ancora in tutto il Caraibi ed in Messico dove visita diverse Universidades campesinas.<\/p>\n<p>Nel 2014 rientra in Italia, interrompe la collaborazione con Caritas Italiana, diventa mamma per la terza volta e sceglie di stabilirsi in Piemonte iniziando l&#8217;attivit\u00e0 da libera professionista.<\/p>\n<p>Qui si si aprono nuovi percorsi che permettono ad un tempo di mettere a profitto la ricerca e le competenze maturate negli anni e di arricchirne i percorsi appassionandosi alla sfida dell&#8217;educazione libertaria dei propri bambini ed alla scoperta delle implicazioni ecologiche del vivere personale e dell&#8217;agire societale.<\/p>\n<p>Lavora come consulente e formatore in Italia e all&#8217;estero&nbsp; e sta sperimentando, con altre famiglie modalit\u00e0 di abitare, produrre e partecipare alla vita sociale intorno agli assi di solidariet\u00e0,&nbsp; convivialit\u00e0 e sostenibilit\u00e0.<\/p>\n<div><\/div>\n<\/td>\n<td style=\"width: 25%\" valign=\"top\"><a style=\"text-decoration: none;\" href=\"http:\/\/www.studiokappa.it\/?page_id=5555\"><img decoding=\"async\" class=\"alignright wp-image-113 size-full\" style=\"margin-left: 10px;\" title=\"Anna Zumbo - Rafforzamento delle Organizzazioni e Sviluppo di Comunit\u00e0\" src=\"http:\/\/www.studiokappa.it\/wp-content\/uploads\/2014\/04\/Anna_Zumbo.jpg\" alt=\"Anna Zumbo\" width=\"186\" height=\"222\"><\/a><\/p>\n<p style=\"text-align: right;\"><em><strong>&nbsp;&nbsp;&nbsp;&nbsp;&nbsp;<\/strong><\/em><\/p>\n<p style=\"text-align: right;\"><em><strong>&nbsp;&nbsp;&nbsp;&nbsp;&nbsp;<a style=\"text-decoration: none;\" title=\"Vai alle pubblicazioni di Anna Zumbo\" href=\"http:\/\/www.studiokappa.it\/?page_id=7692\">Pubblicazioni<\/a><\/strong><\/em><\/p>\n<p style=\"text-align: right;\"><em><strong>&nbsp;&nbsp;&nbsp;&nbsp;&nbsp;<a style=\"text-decoration: none;\" title=\"Vai agli articoli di Anna Zumbo\" href=\"http:\/\/www.studiokappa.it\/?page_id=7694\">Articoli<\/a><\/strong><\/em><\/p>\n<p style=\"text-align: right;\"><em><strong>&nbsp;&nbsp;&nbsp;&nbsp;&nbsp;<a style=\"text-decoration: none;\" title=\"Vai ai convegni di Anna Zumbo\" href=\"http:\/\/www.studiokappa.it\/?page_id=7696\">Convegni<\/a><\/strong><\/em><\/p>\n<p style=\"text-align: right;\"><em><strong>&nbsp;&nbsp;&nbsp;&nbsp;&nbsp;<a style=\"text-decoration: none;\" title=\"Vai ad alcuni degli interventi di Anna Zumbo\" href=\"http:\/\/www.studiokappa.it\/?page_id=13935\">Interventi<\/a><\/strong><\/em><\/p>\n<p style=\"text-align: right;\"><em><strong>&nbsp;&nbsp;&nbsp;&nbsp;&nbsp;<a style=\"text-decoration: none;\" title=\"Vai all'area dell'intervento Anna Zumbo\" href=\"http:\/\/www.studiokappa.it\/?page_id=7698\">Area di intervento<\/a><\/strong><\/em><\/p>\n<p style=\"text-align: right;\"><em><strong>&nbsp;&nbsp;&nbsp;&nbsp;&nbsp;<a style=\"text-decoration: none;\" title=\"Vai ai testi di riferimento di Anna Zumbo\" href=\"http:\/\/www.studiokappa.it\/?page_id=7700\">Riferimenti<\/a><\/strong><\/em><\/p>\n<p style=\"text-align: right;\"><em><strong>&nbsp;&nbsp;&nbsp;&nbsp;&nbsp;<a style=\"text-decoration: none;\" title=\"Vai alla biografia di Anna Zumbo\" href=\"http:\/\/www.studiokappa.it\/?page_id=7702\">Biografia<\/a><\/strong><\/em><\/p>\n<\/td>\n<\/tr>\n<\/tbody>\n<\/table>\n","protected":false},"excerpt":{"rendered":"<p>Anna Zumbo Rafforzamento delle Organizzazioni e Sviluppo di Comunit\u00e0 Biografia Scout impegnata a livello locale e regionale, matura sin da giovanissima una curiosit\u00e0 ed una passione politica per i temi della mondialit\u00e0, della giustizia sociale, e della nonviolenza indirizzandosi alla laurea in Scienze Politiche con indirizzo Politico-Sociale e coltivando negli stessi anni di studio un [&hellip;]<\/p>\n","protected":false},"author":58,"featured_media":0,"parent":0,"menu_order":0,"comment_status":"closed","ping_status":"closed","template":"","meta":{"footnotes":""},"class_list":["post-7702","page","type-page","status-publish","hentry"],"_links":{"self":[{"href":"https:\/\/www.studiokappa.it\/index.php?rest_route=\/wp\/v2\/pages\/7702","targetHints":{"allow":["GET"]}}],"collection":[{"href":"https:\/\/www.studiokappa.it\/index.php?rest_route=\/wp\/v2\/pages"}],"about":[{"href":"https:\/\/www.studiokappa.it\/index.php?rest_route=\/wp\/v2\/types\/page"}],"author":[{"embeddable":true,"href":"https:\/\/www.studiokappa.it\/index.php?rest_route=\/wp\/v2\/users\/58"}],"replies":[{"embeddable":true,"href":"https:\/\/www.studiokappa.it\/index.php?rest_route=%2Fwp%2Fv2%2Fcomments&post=7702"}],"version-history":[{"count":0,"href":"https:\/\/www.studiokappa.it\/index.php?rest_route=\/wp\/v2\/pages\/7702\/revisions"}],"wp:attachment":[{"href":"https:\/\/www.studiokappa.it\/index.php?rest_route=%2Fwp%2Fv2%2Fmedia&parent=7702"}],"curies":[{"name":"wp","href":"https:\/\/api.w.org\/{rel}","templated":true}]}}