{"id":7101,"date":"2016-07-30T20:06:55","date_gmt":"2016-07-30T20:06:55","guid":{"rendered":"http:\/\/www.studiokappa.it\/?page_id=7101"},"modified":"2018-09-08T14:58:28","modified_gmt":"2018-09-08T14:58:28","slug":"counseling-gruppo-genitori","status":"publish","type":"page","link":"https:\/\/www.studiokappa.it\/?page_id=7101","title":{"rendered":"Counseling Gruppo Genitori"},"content":{"rendered":"<p><strong><span style=\"color: #6600ff; font-size: medium;\">Percorsi di Counseling di Gruppo tra Genitori<\/strong><\/span><\/p>\n<p><em><\/em><br \/>\n<em><\/em><\/p>\n<table width=\"100%\" border=\"0\" cellspacing=\"0\" cellpadding=\"0\" align=\"center\">\n<tbody>\n<tr>\n<td align=\"left\" valign=\"left\" valign=\"top\" width=\"20%\"><a title=\"Vai al Lavoro con le Persone, Coppie e Famiglie\" href=\"http:\/\/www.studiokappa.it\/?page_id=6710\"><img decoding=\"async\" style=\"width: 80%; height: 80%;\" onmouseover=\"this.src = &quot;http:\/\/www.studiokappa.it\/wp-content\/uploads\/2014\/02\/Famiglia2.jpg&quot;;\" onmouseout=\"this.src='http:\/\/www.studiokappa.it\/wp-content\/uploads\/2014\/02\/Famiglia.jpg';\" alt=\"Persone, Coppie e Famiglie\" src=\"http:\/\/www.studiokappa.it\/wp-content\/uploads\/2014\/02\/Famiglia.jpg\" \/><\/a><\/td>\n<td width=0%><\/td>\n<td width=\"80%\" valign=\"top\" style=\"text-align: giustify; font-family: Verdana; font-size: 100%;\">\nL\u2019obiettivo di questi piccoli gruppi (10-12 persone) \u00e8 quello di favorire un confronto sincero e senza giudizio tra partecipanti, coppie di genitori legate da problemi comuni o diversi, ma che possono fare interscambio di esperienze.<br \/>\nIl gruppo \u00e8 una dimensione di sorprendente potenza in quanto consente di vivere un\u2019esperienza di rispecchiamento nell\u2019altro dove \u00e8 possibile riconoscere di s\u00e9 ci\u00f2 che in solitudine non si \u00e8 in grado di individuare.<br \/>\nCi\u00f2 diminuisce il senso di straniamento che spesso si prova in un momento di disagio ed aiuta a riscoprire e potenziare competenze personali.\n<\/td>\n<\/tr>\n<\/tbody>\n<\/table>\n<p>Il counselor di gruppo funge da mediatore esperto e facilitatore competente dell\u2019interazione tra i partecipanti, con il compito di affiancare il gruppo e aiutarlo a mettere a fuoco le problematiche emerse, focalizzando le modalit\u00e0 relazionali usate nella quotidianit\u00e0, promuovendo la consapevolezza di s\u00e9 e delle proprie capacit\u00e0, stimolando il reperimento delle competenze necessarie per la risoluzione dei problemi e il superamento delle difficolt\u00e0.<br \/>\nLa durata degli incontri \u00e8 di 2 ore circa, con cadenza regolare, per un massimo di 10 sedute.<\/p>\n<p><em><\/em><br \/>\n<em><\/em><br \/>\n<!--\n<strong><span style=\"color: #6600ff;\">I professionisti che si occupano di questi temi<\/span><\/strong>\n\n<em><\/em>\n<a href=\"http:\/\/www.studiokappa.it\/?page_id=6472\"><img decoding=\"async\" class=\"alignleft size-full wp-image-134\" style=\"margin-left: 10px; margin-right: 10px;\" title=\"Luisa Ghianda\" src=\"http:\/\/www.studiokappa.it\/wp-content\/uploads\/2015\/12\/Luisa_Ghiandasmall.jpg\" alt=\"Luisa Ghianda\" width=\"54\" height=\"64\" \/><\/a><a title=\"Luisa Ghianda\" href=\"http:\/\/www.studiokappa.it\/?page_id=6472\" target=\"_self\" style=\"text-decoration:none\"><strong>Luisa Ghianda<\/strong><\/a>\n\n<a title=\"Luisa Ghianda\" href=\"http:\/\/www.studiokappa.it\/?page_id=6472\" target=\"_self\" style=\"text-decoration:none\"><em>Sviluppo Personale, Educativo e Organizzativo<\/em><\/a>--><\/p>\n","protected":false},"excerpt":{"rendered":"<p>Percorsi di Counseling di Gruppo tra Genitori L\u2019obiettivo di questi piccoli gruppi (10-12 persone) \u00e8 quello di favorire un confronto sincero e senza giudizio tra partecipanti, coppie di genitori legate da problemi comuni o diversi, ma che possono fare interscambio di esperienze. Il gruppo \u00e8 una dimensione di sorprendente potenza in quanto consente di vivere [&hellip;]<\/p>\n","protected":false},"author":1,"featured_media":0,"parent":0,"menu_order":0,"comment_status":"closed","ping_status":"closed","template":"","meta":{"footnotes":""},"class_list":["post-7101","page","type-page","status-publish","hentry"],"_links":{"self":[{"href":"https:\/\/www.studiokappa.it\/index.php?rest_route=\/wp\/v2\/pages\/7101","targetHints":{"allow":["GET"]}}],"collection":[{"href":"https:\/\/www.studiokappa.it\/index.php?rest_route=\/wp\/v2\/pages"}],"about":[{"href":"https:\/\/www.studiokappa.it\/index.php?rest_route=\/wp\/v2\/types\/page"}],"author":[{"embeddable":true,"href":"https:\/\/www.studiokappa.it\/index.php?rest_route=\/wp\/v2\/users\/1"}],"replies":[{"embeddable":true,"href":"https:\/\/www.studiokappa.it\/index.php?rest_route=%2Fwp%2Fv2%2Fcomments&post=7101"}],"version-history":[{"count":0,"href":"https:\/\/www.studiokappa.it\/index.php?rest_route=\/wp\/v2\/pages\/7101\/revisions"}],"wp:attachment":[{"href":"https:\/\/www.studiokappa.it\/index.php?rest_route=%2Fwp%2Fv2%2Fmedia&parent=7101"}],"curies":[{"name":"wp","href":"https:\/\/api.w.org\/{rel}","templated":true}]}}