{"id":5860,"date":"2014-09-13T12:17:42","date_gmt":"2014-09-13T12:17:42","guid":{"rendered":"http:\/\/www.studiokappa.it\/?page_id=5860"},"modified":"2021-03-30T11:33:50","modified_gmt":"2021-03-30T11:33:50","slug":"volontariato","status":"publish","type":"page","link":"https:\/\/www.studiokappa.it\/?page_id=5860","title":{"rendered":"Terzo settore e Volontariato"},"content":{"rendered":"<p><strong><span style=\"color: #6600ff;font-size: medium\">Terzo settore e volontariato<\/span><\/strong><\/p>\n<p>&nbsp;<\/p>\n<table width=\"100%\" cellspacing=\"0\" cellpadding=\"0\" border=\"0\" align=\"center\">\n<tbody>\n<tr>\n<td width=\"20%\" valign=\"left\" align=\"left\"><a title=\"Vai al Lavoro con le Comunit\u00e0 Locali\" href=\"http:\/\/www.studiokappa.it\/?page_id=5812\"><img decoding=\"async\" style=\"width: 80%;height: 80%\" src=\"http:\/\/www.studiokappa.it\/wp-content\/uploads\/2014\/02\/Comunita.jpg\" alt=\"Comunit\u00e0 Locali\"><\/a><\/td>\n<td width=\"0%\"><\/td>\n<td style=\"text-align: giustify;font-family: Verdana;font-size: 100%\" width=\"80%\" valign=\"top\">La grave crisi del welfar sta ridisegnando l\u2019identit\u00e0 ed il ruolo del tradizionale settore no-profit e della pluralit\u00e0 di enti ed organizzazioni che fondano il proprio impegno sociale sul servizio volontario di uomini e donne. Le Comunit\u00e0 Locali sono abitate, frequentate, alimentate e costituita da organizzazioni formali, informali che si muovono verso mission e finalit\u00e0 differenti. Insieme costituiscono per molte persone quel senso che rende la vita un&#8217;occasione preziosa da essere vissuta ed esplorata.<\/td>\n<\/tr>\n<\/tbody>\n<\/table>\n<p>Molti sono gli ambiti in cui il volontariato porta valore aggiunto al vivere comune. In molte aree del territorio italiano il volontariato svolge un ruolo di supporto o addirittura sostitutivo del sistema di welfare state che lo Stato non arriva o sceglie strategicamente di non ricoprire.<\/p>\n<p>Le organizzazioni di volontariato sono realt\u00e0 molto eterogenee per finalit\u00e0, struttura organizzativa, funzionamenti interni, mission e capacit\u00e0 di influenzamento delle politiche di sviluppo micro locale. Non di rado si costituiscono attorno a leardership molto riconosciute. Alcuni bisogni che esprimono sono relativi alla capacit\u00e0 di essere attrattive e di saper catalizzare l&#8217;attenzione e l&#8217;interesse di nuovi volontari che possono contribuire agli scopi delle stesse. Sono anche spesso interessate a sviluppare una proficua relazione con le comunit\u00e0 locali e svolgere una funzione di essere rappresentative di istanze, tematiche della base e del territorio all&#8217;interno dei luoghi decisionali delle politiche di sviluppo micro-locale, come nel caso dei Piani di Zona, dei Piani per la Salute.<\/p>\n<p>La recente riforma del Terzo settore, inotre, apre nuovi spazi di integrazione e contaminazione tra il tradizionale settore non-profit ed il mondo produttivo, proponendo una nuova gamma di opportunit\u00e0 su cui fondare la sostenibilit\u00e0 stessa delle azioni di volontariato e nuovi spazi ed opportunit\u00e0 per contribuire (attraverso la generazione di profitti) allo sviluppo socio economico delle comunit\u00e0.<em><br \/>\n<\/em><br \/>\nRealizziamo la consulenza e la formazione per coloro che intendono:<\/p>\n<p><img decoding=\"async\" src=\"https:\/\/lh4.googleusercontent.com\/-KUnM_IO-hAs\/TgZgN0tqEuI\/AAAAAAAAAZk\/Cachu2JnhXM\/bullet.gif\" alt=\" \" width=\"12\" height=\"11\" border=\"0\"><strong> Rinnovare o riqualificare un&#8217;associazione<\/strong> secondo logiche maggiormente partecipative (introduzione del <strong>metodo decisionale del consenso<\/strong>), efficaci (introduzione di&nbsp; modalit\u00e0 di <strong>conduzione e gestione facilitate<\/strong>) ed <strong>ecologiche<\/strong> (meglio integrate ed in osmosi con il contesto in cui si trovano).<\/p>\n<p><img decoding=\"async\" src=\"https:\/\/lh4.googleusercontent.com\/-KUnM_IO-hAs\/TgZgN0tqEuI\/AAAAAAAAAZk\/Cachu2JnhXM\/bullet.gif\" alt=\" \" width=\"12\" height=\"11\" border=\"0\"> Progettare <strong>nuovi servizi<\/strong><\/p>\n<p><img decoding=\"async\" src=\"https:\/\/lh4.googleusercontent.com\/-KUnM_IO-hAs\/TgZgN0tqEuI\/AAAAAAAAAZk\/Cachu2JnhXM\/bullet.gif\" alt=\" \" width=\"12\" height=\"11\" border=\"0\">&nbsp;Innovare i propri interventi<\/p>\n<p><img decoding=\"async\" src=\"https:\/\/lh4.googleusercontent.com\/-KUnM_IO-hAs\/TgZgN0tqEuI\/AAAAAAAAAZk\/Cachu2JnhXM\/bullet.gif\" alt=\" \" width=\"12\" height=\"11\" border=\"0\"> Progettare <strong>impresa sociale<\/strong><\/p>\n<p><img decoding=\"async\" src=\"https:\/\/lh4.googleusercontent.com\/-KUnM_IO-hAs\/TgZgN0tqEuI\/AAAAAAAAAZk\/Cachu2JnhXM\/bullet.gif\" alt=\" \" width=\"12\" height=\"11\" border=\"0\"> Costruire o riqualificare un\u2019associazione in modo che le persone possano trovarvi spazi di realizzazione e riconoscimento<\/p>\n<p><img decoding=\"async\" src=\"https:\/\/lh4.googleusercontent.com\/-KUnM_IO-hAs\/TgZgN0tqEuI\/AAAAAAAAAZk\/Cachu2JnhXM\/bullet.gif\" alt=\" \" width=\"12\" height=\"11\" border=\"0\"> Poter esprimere le proprie competenze e capacit\u00e0 in favore degli altri o della societ\u00e0<\/p>\n<p><img decoding=\"async\" src=\"https:\/\/lh4.googleusercontent.com\/-KUnM_IO-hAs\/TgZgN0tqEuI\/AAAAAAAAAZk\/Cachu2JnhXM\/bullet.gif\" alt=\" \" width=\"12\" height=\"11\" border=\"0\"> Coordinare il lavoro di volontari<\/p>\n<p><img decoding=\"async\" src=\"https:\/\/lh4.googleusercontent.com\/-KUnM_IO-hAs\/TgZgN0tqEuI\/AAAAAAAAAZk\/Cachu2JnhXM\/bullet.gif\" alt=\" \" width=\"12\" height=\"11\" border=\"0\"> Realizzare <strong>percorsi di Empowerment delle associazioni<\/strong>, con particolare attenzione alla cura del proprio territorio<\/p>\n<table width=\"100%\" cellspacing=\"0\" cellpadding=\"0\" border=\"0\" align=\"center\">\n<tbody>\n<tr>\n<td valign=\"top\"><\/td>\n<td valign=\"top\"><\/td>\n<\/tr>\n<tr>\n<td valign=\"top\"><\/td>\n<td valign=\"top\"><\/td>\n<td><\/td>\n<\/tr>\n<\/tbody>\n<\/table>\n<p><strong><span style=\"color: #6600ff\">I professionisti che si occupano di questi temi<\/span><\/strong><\/p>\n<p><a href=\"http:\/\/www.studiokappa.it\/?page_id=5555\"><img decoding=\"async\" class=\"alignleft size-full wp-image-134\" style=\"margin-left: 10px;margin-right: 10px\" title=\"Mary Rimola\" src=\"http:\/\/www.studiokappa.it\/wp-content\/uploads\/2014\/05\/Anna_Zumbosmall.jpg\" alt=\"Anna Zumbo\" width=\"54\" height=\"64\"><\/a><a style=\"text-decoration: none\" title=\"Anna Zumbo\" href=\"http:\/\/www.studiokappa.it\/?page_id=5555\" target=\"_self\" rel=\"noopener noreferrer\"><strong>Anna Zumbo<\/strong><\/a><\/p>\n<p><a style=\"text-decoration: none\" title=\"Anna Zumbo\" href=\"http:\/\/www.studiokappa.it\/?page_id=5555\" target=\"_self\" rel=\"noopener noreferrer\"><em>Rafforzamento delle Organizzazioni e Sviluppo di Comunit\u00e0<\/em><\/a><br \/>\n<em><br \/>\n<\/em><br \/>\n<a href=\"http:\/\/www.studiokappa.it\/?page_id=12641\"><img decoding=\"async\" class=\"alignleft size-full wp-image-134\" style=\"margin-left: 10px; margin-right: 10px;\" title=\"Giulia Marro\" src=\"http:\/\/www.studiokappa.it\/wp-content\/uploads\/2019\/09\/GiuliaMarrosmall.jpg\" alt=\"Luisa Ghianda\" width=\"54\" height=\"64\"><\/a><a title=\"Giulia Marro\" href=\"http:\/\/www.studiokappa.it\/?page_id=12641\" target=\"_self\" style=\"text-decoration:none\" rel=\"noopener noreferrer\"><strong>Giulia Marro<\/strong><\/a><\/p>\n<p><a title=\"Giulia Marro\" href=\"http:\/\/www.studiokappa.it\/?page_id=12641\" target=\"_self\" style=\"text-decoration:none\" rel=\"noopener noreferrer\"><em>Potenziamento di processi inclusivi, partecipativi e di engagement<\/em><\/a><br \/>\n<em><br \/>\n<\/em><br \/>\n<a href=\"http:\/\/www.studiokappa.it\/?page_id=14620\"><img loading=\"lazy\" decoding=\"async\" class=\"alignleft size-full wp-image-134\" style=\"margin-left: 10px; margin-right: 10px;\" title=\"Luisa Mello Grosso\" src=\"http:\/\/www.studiokappa.it\/wp-content\/uploads\/2020\/09\/LuisaMelloGrossosmall.jpg\" alt=\"Luisa Mello Grosso\" width=\"54\" height=\"64\"><\/a><a title=\"Luisa Mello Grosso\" href=\"http:\/\/www.studiokappa.it\/?page_id=14620\" target=\"_self\" style=\"text-decoration:none\" rel=\"noopener noreferrer\"><strong>Luisa Mello Grosso<\/strong><\/a><\/p>\n<p><a title=\"Luisa Mello Grosso\" href=\"http:\/\/www.studiokappa.it\/?page_id=14620\" target=\"_self\" style=\"text-decoration:none\" rel=\"noopener noreferrer\"><em>Welfare culturale individuale e di comunit\u00e0<\/em><\/a><br \/>\n<em><br \/>\n<\/em><br \/>\n<a href=\"http:\/\/www.studiokappa.it\/?page_id=108\"><img loading=\"lazy\" decoding=\"async\" class=\"alignleft size-full wp-image-132\" style=\"margin-left: 10px;margin-right: 10px\" title=\"Simone Deflorian\" src=\"http:\/\/www.studiokappa.it\/wp-content\/uploads\/2012\/04\/Simone_DeflorianNEW.jpg\" alt=\"Simone Deflorian\" width=\"54\" height=\"64\"><\/a><a style=\"text-decoration: none\" title=\"Simone Deflorian\" href=\"http:\/\/www.studiokappa.it\/?page_id=108\" target=\"_self\" rel=\"noopener noreferrer\"><strong>Simone Deflorian<\/strong><\/a><\/p>\n<p><a style=\"text-decoration: none\" title=\"Simone Deflorian\" href=\"http:\/\/www.studiokappa.it\/?page_id=108\" target=\"_self\" rel=\"noopener noreferrer\"><em>Sviluppo Partecipato di Citt\u00e0 e Organizzazioni<\/em><\/a><br \/>\n<em><br \/>\n<\/em><br \/>\n<a href=\"http:\/\/www.studiokappa.it\/?page_id=13460\"><img loading=\"lazy\" decoding=\"async\" class=\"alignleft size-full wp-image-134\" style=\"margin-left: 10px; margin-right: 10px;\" title=\"Barbara Venturello\" src=\"http:\/\/www.studiokappa.it\/wp-content\/uploads\/2019\/07\/BarbaraVenturello.jpg\" alt=\"Barbara Venturello\" width=\"54\" height=\"64\"><\/a><a style=\"text-decoration: none;\" title=\"Barbara Venturello\" href=\"http:\/\/www.studiokappa.it\/?page_id=156\" target=\"_self\" rel=\"noopener noreferrer\"><strong>Barbara Venturello<\/strong><\/a><\/p>\n<p><a style=\"text-decoration: none;\" title=\"Barbara Venturello\" href=\"http:\/\/www.studiokappa.it\/?page_id=13460\" target=\"_self\" rel=\"noopener noreferrer\"><em>Welfare community<\/em><\/a><\/p>\n","protected":false},"excerpt":{"rendered":"<p>Terzo settore e volontariato &nbsp; La grave crisi del welfar sta ridisegnando l\u2019identit\u00e0 ed il ruolo del tradizionale settore no-profit e della pluralit\u00e0 di enti ed organizzazioni che fondano il proprio impegno sociale sul servizio volontario di uomini e donne. Le Comunit\u00e0 Locali sono abitate, frequentate, alimentate e costituita da organizzazioni formali, informali che si [&hellip;]<\/p>\n","protected":false},"author":58,"featured_media":0,"parent":0,"menu_order":0,"comment_status":"closed","ping_status":"closed","template":"","meta":{"footnotes":""},"class_list":["post-5860","page","type-page","status-publish","hentry"],"_links":{"self":[{"href":"https:\/\/www.studiokappa.it\/index.php?rest_route=\/wp\/v2\/pages\/5860","targetHints":{"allow":["GET"]}}],"collection":[{"href":"https:\/\/www.studiokappa.it\/index.php?rest_route=\/wp\/v2\/pages"}],"about":[{"href":"https:\/\/www.studiokappa.it\/index.php?rest_route=\/wp\/v2\/types\/page"}],"author":[{"embeddable":true,"href":"https:\/\/www.studiokappa.it\/index.php?rest_route=\/wp\/v2\/users\/58"}],"replies":[{"embeddable":true,"href":"https:\/\/www.studiokappa.it\/index.php?rest_route=%2Fwp%2Fv2%2Fcomments&post=5860"}],"version-history":[{"count":0,"href":"https:\/\/www.studiokappa.it\/index.php?rest_route=\/wp\/v2\/pages\/5860\/revisions"}],"wp:attachment":[{"href":"https:\/\/www.studiokappa.it\/index.php?rest_route=%2Fwp%2Fv2%2Fmedia&parent=5860"}],"curies":[{"name":"wp","href":"https:\/\/api.w.org\/{rel}","templated":true}]}}