{"id":5314,"date":"2014-02-21T22:01:15","date_gmt":"2014-02-21T22:01:15","guid":{"rendered":"http:\/\/www.studiokappa.it\/?page_id=5314"},"modified":"2021-03-30T11:29:19","modified_gmt":"2021-03-30T11:29:19","slug":"essere-fare-rete","status":"publish","type":"page","link":"https:\/\/www.studiokappa.it\/?page_id=5314","title":{"rendered":"Fare Sistema Essere Fare Rete"},"content":{"rendered":"<p><strong><span style=\"color: #6600ff; font-size: medium;\">Fare Sistema, Essere e Fare Rete<\/span><\/strong><\/p>\n<p><em><\/em><br \/>\n<em><\/em><\/p>\n<table width=\"100%\" cellspacing=\"0\" cellpadding=\"0\" border=\"0\" align=\"center\">\n<tbody>\n<tr>\n<td width=\"20%\" valign=\"left\" align=\"left\"><a title=\"Vai al Lavoro con le Organizzazioni\" href=\"http:\/\/www.studiokappa.it\/?page_id=5293\"><img decoding=\"async\" style=\"width: 80%; height: 80%;\" onmouseover=\"this.src = &quot;http:\/\/www.studiokappa.it\/wp-content\/uploads\/2014\/02\/Organizzazione2.jpg&quot;;\" onmouseout=\"this.src='http:\/\/www.studiokappa.it\/wp-content\/uploads\/2014\/02\/Organizzazione.jpg';\" alt=\"Organizzazioni\" src=\"http:\/\/www.studiokappa.it\/wp-content\/uploads\/2014\/02\/Organizzazione.jpg\"><\/a><\/td>\n<td width=\"0%\"><\/td>\n<td style=\"text-align: giustify; font-family: Verdana; font-size: 100%;\" width=\"80%\" valign=\"top\">\nL&#8217;applicazione delle teorie e dei modelli delle reti sociali alle organizzazioni sta portando verso una delle pi\u00f9 grosse innovazioni e rivoluzioni dei nostri anni, al cui confronto la rivoluzione industriale del secolo scorso e quelle pi\u00f9 recenti informatica, robotica e legata a internet sembrano ormai preistoria. I modelli di rete portano ad immaginarsi l&#8217;organizzazione strutturata e funzionante attraverso logiche completamente differenti rispetto al passato.<\/td>\n<\/tr>\n<\/tbody>\n<\/table>\n<p>Occorre pensarsi all&#8217;interno di legami di rete pi\u00f9 sofisticati e complessi rispetto ai sistemi economici lineari.<\/p>\n<p>L\u2019intervento del team di professionisti di <strong><span style=\"color: #6600ff;\">Studio Kappa<\/span><\/strong> supporta con specifiche competenze due asset principali:<br \/>\n&#8211; L&#8217;<strong>Inside<\/strong>: l&#8217;organizzazione guarda al suo interno e modifica il suo assetto verso un&#8217;<strong>organizzazione reticolare<\/strong>, in cui il processo produttivo \u00e8 organizzato per <strong>cellule connesse<\/strong>;<br \/>\n&#8211; L&#8217;<strong>Outside<\/strong>: il successo dell&#8217;organizzazione \u00e8 determinato dalla qualit\u00e0, dal livello, dalla densit\u00e0, dalla frequenza e dalla tipologia delle <strong>connessioni<\/strong> che questa \u00e8 in grado di pianificare, costruire, alimentare e sostenere all&#8217;interno del contesto geografico, antropologico e culturale in cui si trova a sviluppare la propria attivit\u00e0.<\/p>\n<p>Quello che apparentemente il <strong>sistema<\/strong>&#8211;<strong>organizzazione<\/strong> strutturato su un&#8217;articolazione interna ed esterna di rete potrebbe cedere in termini di costi di efficienza, lo ricompensa abbondantemente in termini di <strong>maggiori risorse<\/strong> e <strong>potenziali che vengono liberati<\/strong> e <strong>immessi nel sistema<\/strong> stesso e <strong>minori resistenze strutturali<\/strong> al processo produttivo (in senso lato).<br \/>\n<em><br \/>\n<\/em><br \/>\n<strong><span style=\"color: #6600ff;\">Studio Kappa<\/span><\/strong> realizza interventi organizzativi per:<\/p>\n<table width=\"100%\" cellspacing=\"0\" cellpadding=\"0\" border=\"0\" align=\"center\">\n<tbody>\n<tr>\n<td valign=\"top\"><img decoding=\"async\" src=\"https:\/\/lh4.googleusercontent.com\/-KUnM_IO-hAs\/TgZgN0tqEuI\/AAAAAAAAAZk\/Cachu2JnhXM\/bullet.gif\" alt=\" \" width=\"12\" height=\"11\" border=\"0\">&nbsp;&nbsp;&nbsp;&nbsp;<\/td>\n<td valign=\"top\">Leggere e decifrare in modo diverso il proprio funzionamento e le proprie <strong>modalit\u00e0 di operare<\/strong> interne ed esterne: la <strong>Social Organization<\/strong> (Inside)<\/td>\n<\/tr>\n<tr>\n<td valign=\"top\"><img decoding=\"async\" src=\"https:\/\/lh4.googleusercontent.com\/-KUnM_IO-hAs\/TgZgN0tqEuI\/AAAAAAAAAZk\/Cachu2JnhXM\/bullet.gif\" alt=\" \" width=\"12\" height=\"11\" border=\"0\">&nbsp;&nbsp;&nbsp;&nbsp;<\/td>\n<td valign=\"top\">Accompagnare la pianificazione di un <strong>cambiamento sostenibile strutturale e funzionale<\/strong> dell&#8217;organizzazione in un&#8217;ottica di <strong>Network<\/strong> (Inside)<\/td>\n<\/tr>\n<tr>\n<td valign=\"top\"><img decoding=\"async\" src=\"https:\/\/lh4.googleusercontent.com\/-KUnM_IO-hAs\/TgZgN0tqEuI\/AAAAAAAAAZk\/Cachu2JnhXM\/bullet.gif\" alt=\" \" width=\"12\" height=\"11\" border=\"0\">&nbsp;&nbsp;&nbsp;&nbsp;<\/td>\n<td valign=\"top\">Individuare, valorizzare e <strong>mappare le reti<\/strong> in cui l&#8217;organizzazione \u00e8 inserita e <strong>quelle che \u00e8 in grado di mobilitare<\/strong> (Outside)<\/td>\n<\/tr>\n<tr>\n<td valign=\"top\"><img decoding=\"async\" src=\"https:\/\/lh4.googleusercontent.com\/-KUnM_IO-hAs\/TgZgN0tqEuI\/AAAAAAAAAZk\/Cachu2JnhXM\/bullet.gif\" alt=\" \" width=\"12\" height=\"11\" border=\"0\">&nbsp;&nbsp;&nbsp;&nbsp;<\/td>\n<td valign=\"top\"><strong>Orientarsi ai Risultati<\/strong> attraverso un accompagnamento al processo di <strong>Pianificazione Strategica Partecipata<\/strong> (Outside)<\/td>\n<\/tr>\n<\/tbody>\n<\/table>\n<p><em><\/em><br \/>\n<em><\/em><\/p>\n<p><strong><span style=\"color: #6600ff;\">I professionisti che si occupano di questi temi<\/span><\/strong><\/p>\n<p><em><\/em><br \/>\n<a href=\"http:\/\/www.studiokappa.it\/?page_id=5555\"><img decoding=\"async\" class=\"alignleft size-full wp-image-134\" style=\"margin-left: 10px; margin-right: 10px;\" title=\"Mary Rimola\" src=\"http:\/\/www.studiokappa.it\/wp-content\/uploads\/2014\/05\/Anna_Zumbosmall.jpg\" alt=\"Anna Zumbo\" width=\"54\" height=\"64\"><\/a><a title=\"Anna Zumbo\" href=\"http:\/\/www.studiokappa.it\/?page_id=5555\" target=\"_self\" style=\"text-decoration:none\" rel=\"noopener noreferrer\"><strong>Anna Zumbo<\/strong><\/a><\/p>\n<p><a title=\"Anna Zumbo\" href=\"http:\/\/www.studiokappa.it\/?page_id=5555\" target=\"_self\" style=\"text-decoration:none\" rel=\"noopener noreferrer\"><em>Rafforzamento delle Organizzazioni e Sviluppo di Comunit\u00e0<\/em><\/a><br \/>\n<em><br \/>\n<\/em><br \/>\n<a href=\"http:\/\/www.studiokappa.it\/?page_id=12641\"><img decoding=\"async\" class=\"alignleft size-full wp-image-134\" style=\"margin-left: 10px; margin-right: 10px;\" title=\"Giulia Marro\" src=\"http:\/\/www.studiokappa.it\/wp-content\/uploads\/2019\/09\/GiuliaMarrosmall.jpg\" alt=\"Luisa Ghianda\" width=\"54\" height=\"64\"><\/a><a title=\"Giulia Marro\" href=\"http:\/\/www.studiokappa.it\/?page_id=12641\" target=\"_self\" style=\"text-decoration:none\" rel=\"noopener noreferrer\"><strong>Giulia Marro<\/strong><\/a><\/p>\n<p><a title=\"Giulia Marro\" href=\"http:\/\/www.studiokappa.it\/?page_id=12641\" target=\"_self\" style=\"text-decoration:none\" rel=\"noopener noreferrer\"><em>Potenziamento di processi inclusivi, partecipativi e di engagement<\/em><\/a><br \/>\n<em><br \/>\n<\/em><br \/>\n<a href=\"http:\/\/www.studiokappa.it\/?page_id=14620\"><img loading=\"lazy\" decoding=\"async\" class=\"alignleft size-full wp-image-134\" style=\"margin-left: 10px; margin-right: 10px;\" title=\"Luisa Mello Grosso\" src=\"http:\/\/www.studiokappa.it\/wp-content\/uploads\/2020\/09\/LuisaMelloGrossosmall.jpg\" alt=\"Luisa Mello Grosso\" width=\"54\" height=\"64\"><\/a><a title=\"Luisa Mello Grosso\" href=\"http:\/\/www.studiokappa.it\/?page_id=14620\" target=\"_self\" style=\"text-decoration:none\" rel=\"noopener noreferrer\"><strong>Luisa Mello Grosso<\/strong><\/a><\/p>\n<p><a title=\"Luisa Mello Grosso\" href=\"http:\/\/www.studiokappa.it\/?page_id=14620\" target=\"_self\" style=\"text-decoration:none\" rel=\"noopener noreferrer\"><em>Welfare culturale individuale e di comunit\u00e0<\/em><\/a><br \/>\n<em><br \/>\n<\/em><br \/>\n<a href=\"http:\/\/www.studiokappa.it\/?page_id=108\"><img loading=\"lazy\" decoding=\"async\" class=\"alignleft size-full wp-image-132\" style=\"margin-left: 10px; margin-right: 10px;\" title=\"Simone Deflorian\" src=\"http:\/\/www.studiokappa.it\/wp-content\/uploads\/2012\/04\/Simone_DeflorianNEW.jpg\" alt=\"Simone Deflorian\" width=\"54\" height=\"64\"><\/a><a title=\"Simone Deflorian\" href=\"http:\/\/www.studiokappa.it\/?page_id=108\" target=\"_self\" style=\"text-decoration:none\" rel=\"noopener noreferrer\"><strong>Simone Deflorian<\/strong><\/a><\/p>\n<p><a title=\"Simone Deflorian\" href=\"http:\/\/www.studiokappa.it\/?page_id=108\" target=\"_self\" style=\"text-decoration:none\" rel=\"noopener noreferrer\"><em>Sviluppo Partecipato di Citt\u00e0 e Organizzazioni<\/em><\/a><br \/>\n<em><br \/>\n<\/em><br \/>\n<a href=\"http:\/\/www.studiokappa.it\/?page_id=13460\"><img loading=\"lazy\" decoding=\"async\" class=\"alignleft size-full wp-image-134\" style=\"margin-left: 10px; margin-right: 10px;\" title=\"Barbara Venturello\" src=\"http:\/\/www.studiokappa.it\/wp-content\/uploads\/2019\/07\/BarbaraVenturello.jpg\" alt=\"Barbara Venturello\" width=\"54\" height=\"64\"><\/a><a style=\"text-decoration: none;\" title=\"Barbara Venturello\" href=\"http:\/\/www.studiokappa.it\/?page_id=156\" target=\"_self\" rel=\"noopener noreferrer\"><strong>Barbara Venturello<\/strong><\/a><\/p>\n<p><a style=\"text-decoration: none;\" title=\"Barbara Venturello\" href=\"http:\/\/www.studiokappa.it\/?page_id=13460\" target=\"_self\" rel=\"noopener noreferrer\"><em>Welfare community<\/em><\/a><\/p>\n","protected":false},"excerpt":{"rendered":"<p>Fare Sistema, Essere e Fare Rete L&#8217;applicazione delle teorie e dei modelli delle reti sociali alle organizzazioni sta portando verso una delle pi\u00f9 grosse innovazioni e rivoluzioni dei nostri anni, al cui confronto la rivoluzione industriale del secolo scorso e quelle pi\u00f9 recenti informatica, robotica e legata a internet sembrano ormai preistoria. I modelli di [&hellip;]<\/p>\n","protected":false},"author":58,"featured_media":0,"parent":0,"menu_order":0,"comment_status":"closed","ping_status":"closed","template":"","meta":{"footnotes":""},"class_list":["post-5314","page","type-page","status-publish","hentry"],"_links":{"self":[{"href":"https:\/\/www.studiokappa.it\/index.php?rest_route=\/wp\/v2\/pages\/5314","targetHints":{"allow":["GET"]}}],"collection":[{"href":"https:\/\/www.studiokappa.it\/index.php?rest_route=\/wp\/v2\/pages"}],"about":[{"href":"https:\/\/www.studiokappa.it\/index.php?rest_route=\/wp\/v2\/types\/page"}],"author":[{"embeddable":true,"href":"https:\/\/www.studiokappa.it\/index.php?rest_route=\/wp\/v2\/users\/58"}],"replies":[{"embeddable":true,"href":"https:\/\/www.studiokappa.it\/index.php?rest_route=%2Fwp%2Fv2%2Fcomments&post=5314"}],"version-history":[{"count":0,"href":"https:\/\/www.studiokappa.it\/index.php?rest_route=\/wp\/v2\/pages\/5314\/revisions"}],"wp:attachment":[{"href":"https:\/\/www.studiokappa.it\/index.php?rest_route=%2Fwp%2Fv2%2Fmedia&parent=5314"}],"curies":[{"name":"wp","href":"https:\/\/api.w.org\/{rel}","templated":true}]}}