{"id":22750,"date":"2026-03-27T11:55:45","date_gmt":"2026-03-27T11:55:45","guid":{"rendered":"https:\/\/www.studiokappa.it\/?page_id=22750"},"modified":"2026-04-13T12:40:23","modified_gmt":"2026-04-13T12:40:23","slug":"sara-angeleri","status":"publish","type":"page","link":"https:\/\/www.studiokappa.it\/?page_id=22750","title":{"rendered":"Sara Angeleri"},"content":{"rendered":"<table width=\"100%\" cellspacing=\"0\" cellpadding=\"0\" border=\"0\" align=\"center\">\n<tbody>\n<tr>\n<td style=\"width: 75%\" valign=\"top\"><strong><span style=\"color: #6600ff; font-size: medium;\">Sara Angeleri<\/span><br \/>\n<\/strong><span style=\"color: #6600ff;\">Crescita personale ed evoluzione organizzativa<\/span><br \/>\n<em><br \/>\n<\/em><\/p>\n<p>Utilizza un approccio integrato alla persona e all&#8217;organizzazione e coniuga la dimensione individuale con quella relazionale propria dei sistemi e dei contesti.<\/p>\n<p>Grazie al modello sistemico relazionale e all&#8217;esperienza manageriale pluriennale, integra teoria e pratica; i propri interventi sono caratterizzati per un taglio operativo centrato sulla risoluzione di problemi e sulla presa di decisioni.<\/p>\n<p>Attraverso questo approccio consulenziale e formativo, realizza percorsi individuali e collettivi; supporta le persone e le organizzazioni nella ricerca di nuove risorse per affrontare evoluzioni e trasformazioni in modo armonico e sostenibile, nella vita come al lavoro.<\/p>\n<p>Cambiamenti aziendali, blocchi evolutivi ed empasse, conflitti interni alla persona o relazionali ed organizzativi, vengono affrontati attraverso interventi formativi, consulenziali e di supervisione mirati.<\/p>\n<p>Il suo approccio al cambiamento attraversa questi step:<br \/>\n<img decoding=\"async\" src=\"https:\/\/lh4.googleusercontent.com\/-KUnM_IO-hAs\/TgZgN0tqEuI\/AAAAAAAAAZk\/Cachu2JnhXM\/bullet.gif\" alt=\" \" width=\"12\" height=\"11\" border=\"0\"> <strong>Definisci obiettivi<\/strong><br \/>\n<img decoding=\"async\" src=\"https:\/\/lh4.googleusercontent.com\/-KUnM_IO-hAs\/TgZgN0tqEuI\/AAAAAAAAAZk\/Cachu2JnhXM\/bullet.gif\" alt=\" \" width=\"12\" height=\"11\" border=\"0\"> <strong>Individua strategie<\/strong><br \/>\n<img decoding=\"async\" src=\"https:\/\/lh4.googleusercontent.com\/-KUnM_IO-hAs\/TgZgN0tqEuI\/AAAAAAAAAZk\/Cachu2JnhXM\/bullet.gif\" alt=\" \" width=\"12\" height=\"11\" border=\"0\"> <strong>Prendi decisioni<\/strong><br \/>\n<img decoding=\"async\" src=\"https:\/\/lh4.googleusercontent.com\/-KUnM_IO-hAs\/TgZgN0tqEuI\/AAAAAAAAAZk\/Cachu2JnhXM\/bullet.gif\" alt=\" \" width=\"12\" height=\"11\" border=\"0\"> <strong>Raggiungi risultati<\/strong><\/p>\n<p>Si occupa principalmente di <strong>passaggi generazionali<\/strong> e <strong>gestione dei cambiamenti nelle imprese familiari<\/strong> e sviluppa interventi per promuovere il benessere organizzativo e prevenire lo stress lavoro correlato, attraverso modelli innovativi; la capacit\u00e0 di &#8220;parlare&#8221; simultaneamente il linguaggio della psicologia, della psicoterapia sistemica e del management operativo le consente di generare interventi consulenziali pi\u00f9 mirati nella diagnosi, pi\u00f9 realistici nella progettazione, pi\u00f9 efficaci nell&#8217;implementazione.<\/p>\n<p>Ci\u00f2 significa trasformare le azioni di welfare aziendale tradizionali in azioni di <strong>Welfare Sistemico Olistico<\/strong>, basate sulla connessione di tutte le dimensioni della vita e all&#8217;allineamento con l&#8217;identit\u00e0 organizzativa, con focus sulla salute psicofisica dell&#8217;individuo e sulla sostenibilit\u00e0 organizzativa.<\/td>\n<td style=\"width: 20%\" valign=\"top\"><a style=\"text-decoration: none;\" href=\"http:\/\/www.studiokappa.it\/?page_id=108\"><img decoding=\"async\" class=\"alignright size-full wp-image-113\" style=\"margin-left: 10px;\" title=\"Sara Angeleri - Crescita Personale ed Evoluzione Organizzativa\" src=\"https:\/\/www.studiokappa.it\/wp-content\/uploads\/2026\/03\/SaraAngeleriOK.jpg\" alt=\"Sara Angeleri\" width=\"186\" height=\"222\"><\/a><\/p>\n<p>&nbsp;<\/p>\n<p style=\"text-align: right;\"><em><strong>&nbsp;&nbsp;<a style=\"text-decoration: none;\" title=\"Vai alle pubblicazioni di Sara Angeleri\" href=\"http:\/\/www.studiokappa.it\/?page_id=22750\">Pubblicazioni<\/a><\/strong><\/em><\/p>\n<p style=\"text-align: right;\"><em><strong>&nbsp;&nbsp;<a style=\"text-decoration: none;\" title=\"Vai agli articoli di  Sara Angeleri\" href=\"http:\/\/www.studiokappa.it\/?page_id=22750\">Articoli<\/a><\/strong><\/em><\/p>\n<p style=\"text-align: right;\"><em><strong>&nbsp;&nbsp;<a style=\"text-decoration: none;\" title=\"Vai ai convegni di  Sara Angeleri\" href=\"http:\/\/www.studiokappa.it\/?page_id=22750\">Convegni<\/a><\/strong><\/em><\/p>\n<p style=\"text-align: right;\"><em><strong>&nbsp;&nbsp;<a style=\"text-decoration: none;\" title=\"Vai ai convegni di  Sara Angeleri\" href=\"http:\/\/www.studiokappa.it\/?page_id=22750\">Interventi<\/a><\/strong><\/em><\/p>\n<p style=\"text-align: right;\"><em><strong>&nbsp;&nbsp;<a style=\"text-decoration: none;\" title=\"Vai agli interventi di  Sara Angeleri\" href=\"http:\/\/www.studiokappa.it\/?page_id=22750\">Area di intervento<\/a><\/strong><\/em><\/p>\n<p style=\"text-align: right;\"><em><strong>&nbsp;&nbsp;<a style=\"text-decoration: none;\" title=\"Vai ai testi di riferimento di  Sara Angeleri\" href=\"http:\/\/www.studiokappa.it\/?page_id=22750\">Riferimenti<\/a><\/strong><\/em><\/p>\n<p style=\"text-align: right;\"><em><strong>&nbsp;&nbsp;<a style=\"text-decoration: none;\" title=\"Vai alla biografia di  Sara Angeleri\" href=\"http:\/\/www.studiokappa.it\/?page_id=22763\">Biografia<\/a><\/strong><\/em><\/p>\n<\/td>\n<\/tr>\n<\/tbody>\n<\/table>\n<p><!--\n\n\n<div>\n<em><\/em>\n<a style=\"text-decoration: none;\" title=\"Vai alla scheda delle attivit\u00e0 che svolge Sara Angeleri\" href=\"http:\/\/www.studiokappa.it\/?page_id=191\" target=\"_self\" rel=\"noopener noreferrer\">Vai alla scheda delle attivit\u00e0 che svolge<\/a><\/div>\n\n\n--><\/p>\n","protected":false},"excerpt":{"rendered":"<p>Sara Angeleri Crescita personale ed evoluzione organizzativa Utilizza un approccio integrato alla persona e all&#8217;organizzazione e coniuga la dimensione individuale con quella relazionale propria dei sistemi e dei contesti. Grazie al modello sistemico relazionale e all&#8217;esperienza manageriale pluriennale, integra teoria e pratica; i propri interventi sono caratterizzati per un taglio operativo centrato sulla risoluzione di [&hellip;]<\/p>\n","protected":false},"author":1,"featured_media":0,"parent":0,"menu_order":0,"comment_status":"closed","ping_status":"closed","template":"","meta":{"footnotes":""},"class_list":["post-22750","page","type-page","status-publish","hentry"],"_links":{"self":[{"href":"https:\/\/www.studiokappa.it\/index.php?rest_route=\/wp\/v2\/pages\/22750","targetHints":{"allow":["GET"]}}],"collection":[{"href":"https:\/\/www.studiokappa.it\/index.php?rest_route=\/wp\/v2\/pages"}],"about":[{"href":"https:\/\/www.studiokappa.it\/index.php?rest_route=\/wp\/v2\/types\/page"}],"author":[{"embeddable":true,"href":"https:\/\/www.studiokappa.it\/index.php?rest_route=\/wp\/v2\/users\/1"}],"replies":[{"embeddable":true,"href":"https:\/\/www.studiokappa.it\/index.php?rest_route=%2Fwp%2Fv2%2Fcomments&post=22750"}],"version-history":[{"count":10,"href":"https:\/\/www.studiokappa.it\/index.php?rest_route=\/wp\/v2\/pages\/22750\/revisions"}],"predecessor-version":[{"id":22790,"href":"https:\/\/www.studiokappa.it\/index.php?rest_route=\/wp\/v2\/pages\/22750\/revisions\/22790"}],"wp:attachment":[{"href":"https:\/\/www.studiokappa.it\/index.php?rest_route=%2Fwp%2Fv2%2Fmedia&parent=22750"}],"curies":[{"name":"wp","href":"https:\/\/api.w.org\/{rel}","templated":true}]}}