{"id":17460,"date":"2022-05-06T16:08:53","date_gmt":"2022-05-06T16:08:53","guid":{"rendered":"https:\/\/www.studiokappa.it\/?page_id=17460"},"modified":"2026-01-10T22:52:42","modified_gmt":"2026-01-10T22:52:42","slug":"settimana-del-freire-faq","status":"publish","type":"page","link":"https:\/\/www.studiokappa.it\/?page_id=17460","title":{"rendered":"Settimana del Freire &#8211; Faq"},"content":{"rendered":"<p><strong><span style=\"color: #6600ff;font-size: medium\">Settimana Nazionale del Freire &#8211; Faq<\/span><\/strong><br \/>\n<em><span style=\"color: #6600ff;font-size: medium\">Le risposte alle domande pi\u00f9 comuni<\/span><\/em><\/p>\n<div align=\"center\"><div id=\"metaslider-id-21789\" style=\"max-width: 600px;\" class=\"ml-slider-3-108-0 metaslider metaslider-flex metaslider-21789 ml-slider ms-theme-default-base nav-hidden\" role=\"region\" aria-label=\"Settimana Freire\" data-height=\"450\" data-width=\"600\">\n    <div id=\"metaslider_container_21789\">\n        <div id=\"metaslider_21789\">\n            <ul class='slides'>\n                <li style=\"display: block; width: 100%;\" class=\"slide-21813 ms-image \" aria-roledescription=\"slide\" data-date=\"2024-12-28 23:26:19\" data-filename=\"photo_2022-07-17_20-17-44-600x450.jpg\" data-slide-type=\"image\"><img fetchpriority=\"high\" decoding=\"async\" src=\"https:\/\/www.studiokappa.it\/wp-content\/uploads\/2024\/12\/photo_2022-07-17_20-17-44-600x450.jpg\" height=\"450\" width=\"600\" alt=\"\" class=\"slider-21789 slide-21813 msDefaultImage\" title=\"photo_2022-07-17_20-17-44\" \/><\/li>\n                <li style=\"display: none; width: 100%;\" class=\"slide-21803 ms-image \" aria-roledescription=\"slide\" data-date=\"2024-12-28 23:20:10\" data-filename=\"IMG_20190826_170429-scaled-600x450.jpg\" data-slide-type=\"image\"><img decoding=\"async\" src=\"https:\/\/www.studiokappa.it\/wp-content\/uploads\/2024\/12\/IMG_20190826_170429-scaled-600x450.jpg\" height=\"450\" width=\"600\" alt=\"\" class=\"slider-21789 slide-21803 msDefaultImage\" title=\"IMG_20190826_170429\" \/><\/li>\n                <li style=\"display: none; width: 100%;\" class=\"slide-21805 ms-image \" aria-roledescription=\"slide\" data-date=\"2024-12-28 23:20:47\" data-filename=\"IMG_2742-scaled-600x450.jpg\" data-slide-type=\"image\"><img decoding=\"async\" src=\"https:\/\/www.studiokappa.it\/wp-content\/uploads\/2024\/12\/IMG_2742-scaled-600x450.jpg\" height=\"450\" width=\"600\" alt=\"\" class=\"slider-21789 slide-21805 msDefaultImage\" title=\"IMG_2742\" \/><\/li>\n                <li style=\"display: none; width: 100%;\" class=\"slide-21795 ms-image \" aria-roledescription=\"slide\" data-date=\"2024-12-28 23:15:29\" data-filename=\"S7301312-scaled-600x450.jpg\" data-slide-type=\"image\"><img loading=\"lazy\" decoding=\"async\" src=\"https:\/\/www.studiokappa.it\/wp-content\/uploads\/2024\/12\/S7301312-scaled-600x450.jpg\" height=\"450\" width=\"600\" alt=\"\" class=\"slider-21789 slide-21795 msDefaultImage\" title=\"S7301312\" \/><\/li>\n                <li style=\"display: none; width: 100%;\" class=\"slide-21835 ms-image \" aria-roledescription=\"slide\" data-date=\"2024-12-28 23:35:56\" data-filename=\"IMG_20240905_152417_104-600x450.jpg\" data-slide-type=\"image\"><img loading=\"lazy\" decoding=\"async\" src=\"https:\/\/www.studiokappa.it\/wp-content\/uploads\/2024\/12\/IMG_20240905_152417_104-600x450.jpg\" height=\"450\" width=\"600\" alt=\"\" class=\"slider-21789 slide-21835 msDefaultImage\" title=\"IMG_20240905_152417_104\" \/><\/li>\n                <li style=\"display: none; width: 100%;\" class=\"slide-21827 ms-image \" aria-roledescription=\"slide\" data-date=\"2024-12-28 23:32:33\" data-filename=\"IMG_20230822_113536-scaled-600x450.jpg\" data-slide-type=\"image\"><img loading=\"lazy\" decoding=\"async\" src=\"https:\/\/www.studiokappa.it\/wp-content\/uploads\/2024\/12\/IMG_20230822_113536-scaled-600x450.jpg\" height=\"450\" width=\"600\" alt=\"\" class=\"slider-21789 slide-21827 msDefaultImage\" title=\"IMG_20230822_113536\" \/><\/li>\n                <li style=\"display: none; width: 100%;\" class=\"slide-21825 ms-image \" aria-roledescription=\"slide\" data-date=\"2024-12-28 23:31:54\" data-filename=\"IMG_20230822_145217-scaled-600x450.jpg\" data-slide-type=\"image\"><img loading=\"lazy\" decoding=\"async\" src=\"https:\/\/www.studiokappa.it\/wp-content\/uploads\/2024\/12\/IMG_20230822_145217-scaled-600x450.jpg\" height=\"450\" width=\"600\" alt=\"\" class=\"slider-21789 slide-21825 msDefaultImage\" title=\"IMG_20230822_145217\" \/><\/li>\n                <li style=\"display: none; width: 100%;\" class=\"slide-21823 ms-image \" aria-roledescription=\"slide\" data-date=\"2024-12-28 23:31:19\" data-filename=\"IMG_20230823_143550-scaled-600x450.jpg\" data-slide-type=\"image\"><img loading=\"lazy\" decoding=\"async\" src=\"https:\/\/www.studiokappa.it\/wp-content\/uploads\/2024\/12\/IMG_20230823_143550-scaled-600x450.jpg\" height=\"450\" width=\"600\" alt=\"\" class=\"slider-21789 slide-21823 msDefaultImage\" title=\"IMG_20230823_143550\" \/><\/li>\n                <li style=\"display: none; width: 100%;\" class=\"slide-21807 ms-image \" aria-roledescription=\"slide\" data-date=\"2024-12-28 23:23:01\" data-filename=\"IMG_20210707_170558-scaled-600x450.jpg\" data-slide-type=\"image\"><img loading=\"lazy\" decoding=\"async\" src=\"https:\/\/www.studiokappa.it\/wp-content\/uploads\/2024\/12\/IMG_20210707_170558-scaled-600x450.jpg\" height=\"450\" width=\"600\" alt=\"\" class=\"slider-21789 slide-21807 msDefaultImage\" title=\"IMG_20210707_170558\" \/><\/li>\n                <li style=\"display: none; width: 100%;\" class=\"slide-21833 ms-image \" aria-roledescription=\"slide\" data-date=\"2024-12-28 23:35:29\" data-filename=\"IMG_20240830_165256-scaled-600x450.jpg\" data-slide-type=\"image\"><img loading=\"lazy\" decoding=\"async\" src=\"https:\/\/www.studiokappa.it\/wp-content\/uploads\/2024\/12\/IMG_20240830_165256-scaled-600x450.jpg\" height=\"450\" width=\"600\" alt=\"\" class=\"slider-21789 slide-21833 msDefaultImage\" title=\"IMG_20240830_165256\" \/><\/li>\n                <li style=\"display: none; width: 100%;\" class=\"slide-21831 ms-image \" aria-roledescription=\"slide\" data-date=\"2024-12-28 23:34:24\" data-filename=\"IMG_20240905_152345_382-600x450.jpg\" data-slide-type=\"image\"><img loading=\"lazy\" decoding=\"async\" src=\"https:\/\/www.studiokappa.it\/wp-content\/uploads\/2024\/12\/IMG_20240905_152345_382-600x450.jpg\" height=\"450\" width=\"600\" alt=\"\" class=\"slider-21789 slide-21831 msDefaultImage\" title=\"IMG_20240905_152345_382\" \/><\/li>\n                <li style=\"display: none; width: 100%;\" class=\"slide-21811 ms-image \" aria-roledescription=\"slide\" data-date=\"2024-12-28 23:25:20\" data-filename=\"2022Drapia00-600x450.jpg\" data-slide-type=\"image\"><img loading=\"lazy\" decoding=\"async\" src=\"https:\/\/www.studiokappa.it\/wp-content\/uploads\/2024\/12\/2022Drapia00-600x450.jpg\" height=\"450\" width=\"600\" alt=\"\" class=\"slider-21789 slide-21811 msDefaultImage\" title=\"2022Drapia00\" \/><\/li>\n                <li style=\"display: none; width: 100%;\" class=\"slide-21821 ms-image \" aria-roledescription=\"slide\" data-date=\"2024-12-28 23:29:49\" data-filename=\"2023.08.24-Codifica-600x450.jpg\" data-slide-type=\"image\"><img loading=\"lazy\" decoding=\"async\" src=\"https:\/\/www.studiokappa.it\/wp-content\/uploads\/2024\/12\/2023.08.24-Codifica-600x450.jpg\" height=\"450\" width=\"600\" alt=\"\" class=\"slider-21789 slide-21821 msDefaultImage\" title=\"2023.08.24-Codifica\" \/><\/li>\n                <li style=\"display: none; width: 100%;\" class=\"slide-21815 ms-image \" aria-roledescription=\"slide\" data-date=\"2024-12-28 23:27:19\" data-filename=\"20220704_185734-scaled-600x450.jpg\" data-slide-type=\"image\"><img loading=\"lazy\" decoding=\"async\" src=\"https:\/\/www.studiokappa.it\/wp-content\/uploads\/2024\/12\/20220704_185734-scaled-600x450.jpg\" height=\"450\" width=\"600\" alt=\"\" class=\"slider-21789 slide-21815 msDefaultImage\" title=\"20220704_185734\" \/><\/li>\n                <li style=\"display: none; width: 100%;\" class=\"slide-21793 ms-image \" aria-roledescription=\"slide\" data-date=\"2024-12-28 23:12:46\" data-filename=\"S7300505-scaled-600x450.jpg\" data-slide-type=\"image\"><img loading=\"lazy\" decoding=\"async\" src=\"https:\/\/www.studiokappa.it\/wp-content\/uploads\/2024\/12\/S7300505-scaled-600x450.jpg\" height=\"450\" width=\"600\" alt=\"\" class=\"slider-21789 slide-21793 msDefaultImage\" title=\"S7300505\" \/><\/li>\n                <li style=\"display: none; width: 100%;\" class=\"slide-21799 ms-image \" aria-roledescription=\"slide\" data-date=\"2024-12-28 23:18:08\" data-filename=\"DSCN0843-scaled-600x450.jpg\" data-slide-type=\"image\"><img loading=\"lazy\" decoding=\"async\" src=\"https:\/\/www.studiokappa.it\/wp-content\/uploads\/2024\/12\/DSCN0843-scaled-600x450.jpg\" height=\"450\" width=\"600\" alt=\"\" class=\"slider-21789 slide-21799 msDefaultImage\" title=\"DSCN0843\" \/><\/li>\n                <li style=\"display: none; width: 100%;\" class=\"slide-21819 ms-image \" aria-roledescription=\"slide\" data-date=\"2024-12-28 23:29:09\" data-filename=\"IMG_20230825_165151-scaled-600x450.jpg\" data-slide-type=\"image\"><img loading=\"lazy\" decoding=\"async\" src=\"https:\/\/www.studiokappa.it\/wp-content\/uploads\/2024\/12\/IMG_20230825_165151-scaled-600x450.jpg\" height=\"450\" width=\"600\" alt=\"\" class=\"slider-21789 slide-21819 msDefaultImage\" title=\"IMG_20230825_165151\" \/><\/li>\n                <li style=\"display: none; width: 100%;\" class=\"slide-21791 ms-image \" aria-roledescription=\"slide\" data-date=\"2024-12-28 23:11:45\" data-filename=\"piccolotibet2011-099-Copia-scaled-600x450.jpg\" data-slide-type=\"image\"><img loading=\"lazy\" decoding=\"async\" src=\"https:\/\/www.studiokappa.it\/wp-content\/uploads\/2024\/12\/piccolotibet2011-099-Copia-scaled-600x450.jpg\" height=\"450\" width=\"600\" alt=\"\" class=\"slider-21789 slide-21791 msDefaultImage\" title=\"piccolotibet2011 099 - Copia\" \/><\/li>\n                <li style=\"display: none; width: 100%;\" class=\"slide-21817 ms-image \" aria-roledescription=\"slide\" data-date=\"2024-12-28 23:27:55\" data-filename=\"IMG_20230825_212148-scaled-600x450.jpg\" data-slide-type=\"image\"><img loading=\"lazy\" decoding=\"async\" src=\"https:\/\/www.studiokappa.it\/wp-content\/uploads\/2024\/12\/IMG_20230825_212148-scaled-600x450.jpg\" height=\"450\" width=\"600\" alt=\"\" class=\"slider-21789 slide-21817 msDefaultImage\" title=\"IMG_20230825_212148\" \/><\/li>\n                <li style=\"display: none; width: 100%;\" class=\"slide-21837 ms-image \" aria-roledescription=\"slide\" data-date=\"2024-12-28 23:37:08\" data-filename=\"IMG_20240827_144004-scaled-600x450.jpg\" data-slide-type=\"image\"><img loading=\"lazy\" decoding=\"async\" src=\"https:\/\/www.studiokappa.it\/wp-content\/uploads\/2024\/12\/IMG_20240827_144004-scaled-600x450.jpg\" height=\"450\" width=\"600\" alt=\"\" class=\"slider-21789 slide-21837 msDefaultImage\" title=\"IMG_20240827_144004\" \/><\/li>\n                <li style=\"display: none; width: 100%;\" class=\"slide-21801 ms-image \" aria-roledescription=\"slide\" data-date=\"2024-12-28 23:18:55\" data-filename=\"IMG_2737-scaled-600x450.jpg\" data-slide-type=\"image\"><img loading=\"lazy\" decoding=\"async\" src=\"https:\/\/www.studiokappa.it\/wp-content\/uploads\/2024\/12\/IMG_2737-scaled-600x450.jpg\" height=\"450\" width=\"600\" alt=\"\" class=\"slider-21789 slide-21801 msDefaultImage\" title=\"IMG_2737\" \/><\/li>\n                <li style=\"display: none; width: 100%;\" class=\"slide-21797 ms-image \" aria-roledescription=\"slide\" data-date=\"2024-12-28 23:17:18\" data-filename=\"20160626_092352-600x450.jpg\" data-slide-type=\"image\"><img loading=\"lazy\" decoding=\"async\" src=\"https:\/\/www.studiokappa.it\/wp-content\/uploads\/2024\/12\/20160626_092352-600x450.jpg\" height=\"450\" width=\"600\" alt=\"\" class=\"slider-21789 slide-21797 msDefaultImage\" title=\"User comments\" \/><\/li>\n                <li style=\"display: none; width: 100%;\" class=\"slide-21829 ms-image \" aria-roledescription=\"slide\" data-date=\"2024-12-28 23:33:28\" data-filename=\"IMG_20240826_163929-scaled-600x450.jpg\" data-slide-type=\"image\"><img loading=\"lazy\" decoding=\"async\" src=\"https:\/\/www.studiokappa.it\/wp-content\/uploads\/2024\/12\/IMG_20240826_163929-scaled-600x450.jpg\" height=\"450\" width=\"600\" alt=\"\" class=\"slider-21789 slide-21829 msDefaultImage\" title=\"IMG_20240826_163929\" \/><\/li>\n                <li style=\"display: none; width: 100%;\" class=\"slide-21809 ms-image \" aria-roledescription=\"slide\" data-date=\"2024-12-28 23:24:06\" data-filename=\"24-scaled-600x450.jpg\" data-slide-type=\"image\"><img loading=\"lazy\" decoding=\"async\" src=\"https:\/\/www.studiokappa.it\/wp-content\/uploads\/2024\/12\/24-scaled-600x450.jpg\" height=\"450\" width=\"600\" alt=\"\" class=\"slider-21789 slide-21809 msDefaultImage\" title=\"24\" \/><\/li>\n            <\/ul>\n        <\/div>\n        \n    <\/div>\n<\/div><\/div>\n<p>Qui di seguito riportiamo le domande pi\u00f9 frequenti che riceviamo.<\/p>\n<p><strong>Come posso iscrivermi?<\/strong><br \/>\n<em>Occorre compilare il <a style=\"text-decoration: none;\" title=\"Iscriviti\" href=\"http:\/\/www.studiokappa.it\/?page_id=4059\" target=\"_blank\" rel=\"noopener noreferrer\"><strong>form online<\/strong><\/a> ed effettuare il versamento della caparra, pari a 200 \u20ac.<br \/>\nAll&#8217;accredito della caparra, si riceve una nota via mail che conferma l&#8217;inserimento tra i\/le partecipanti.<br \/>\nNel caso in cui i posti siano gi\u00e0 stati esauriti, lo staff cerca comunque di trovare una soluzione per rendere possibile la partecipazione. Se anche in questo caso, risultasse non possibile, la caparra viene restituita e non sar\u00e0 possibile accogliere l&#8217;iscrizione.<br \/>\nLe iscrizioni vengono raccolte e considerate per ordine di arrivo (della caparra).<br \/>\n<em><\/em><\/em><\/p>\n<p><strong>Quanto tempo prima della chiusura delle iscrizioni si completano i posti?<\/strong><br \/>\n<em>Il tempo \u00e8 variabile, poich\u00e8 dipende da diversi fattori.<br \/>\nIn primis, dipende dal numero di posti della struttura ospitante, poi da situazioni ed eventi storici e anche dal periodo e dalla data dell&#8217;evento.<br \/>\nCi sono state edizioni in cui a 2 mesi dall&#8217;evento, tutti i posti disponibili erano gi\u00e0 stati occupati dagli\/dalle iscritti\/e e non si \u00e8 potuto pi\u00f9 accogliere ulteriori iscrizioni.<br \/>\n<em><\/em><\/em><\/p>\n<p><strong>Non so a chi lasciare i miei figli, mentre io partecipo alla settimana, posso portarli con me?<\/strong><br \/>\n<em>Si, un\/una iscritto\/a alla Settimana del Freire pu\u00f2 portare con s\u00e9 i propri figli.<br \/>\nI figli di un\/una iscritto\/a non partecipano alle attivit\u00e0 e alle sessioni di lavoro, ma vivono la vita insieme con il gruppo dei\/delle partecipanti.<br \/>\nNon c&#8217;\u00e8 un servizio di animazione per bambini\/e, perch\u00e8 essi\/e sono parte della comunit\u00e0 che sperimenta il metodo del Freire.<em><\/em><\/em><\/p>\n<p><strong>Cosa significa che i costi dei consumi vengono ripartiti tra i\/le partecipanti?<\/strong><br \/>\n<em>I costi ripartiti tra i\/le partecipanti riguardano le seguenti voci di costo:<br \/>\n<img loading=\"lazy\" decoding=\"async\" src=\"https:\/\/lh4.googleusercontent.com\/-KUnM_IO-hAs\/TgZgN0tqEuI\/AAAAAAAAAZk\/Cachu2JnhXM\/bullet.gif\" alt=\" \" width=\"12\" height=\"11\" border=\"0\"> affitto struttura (ed eventuali altri costi connessi al regolamento della struttura);<br \/>\n<img loading=\"lazy\" decoding=\"async\" src=\"https:\/\/lh4.googleusercontent.com\/-KUnM_IO-hAs\/TgZgN0tqEuI\/AAAAAAAAAZk\/Cachu2JnhXM\/bullet.gif\" alt=\" \" width=\"12\" height=\"11\" border=\"0\"> viveri;<br \/>\n<img loading=\"lazy\" decoding=\"async\" src=\"https:\/\/lh4.googleusercontent.com\/-KUnM_IO-hAs\/TgZgN0tqEuI\/AAAAAAAAAZk\/Cachu2JnhXM\/bullet.gif\" alt=\" \" width=\"12\" height=\"11\" border=\"0\"> fotocopie;<br \/>\n<img loading=\"lazy\" decoding=\"async\" src=\"https:\/\/lh4.googleusercontent.com\/-KUnM_IO-hAs\/TgZgN0tqEuI\/AAAAAAAAAZk\/Cachu2JnhXM\/bullet.gif\" alt=\" \" width=\"12\" height=\"11\" border=\"0\"> materiale di cancelleria (cartelloni, pennarelli, post it, fogli, etc.);<br \/>\n<img loading=\"lazy\" decoding=\"async\" src=\"https:\/\/lh4.googleusercontent.com\/-KUnM_IO-hAs\/TgZgN0tqEuI\/AAAAAAAAAZk\/Cachu2JnhXM\/bullet.gif\" alt=\" \" width=\"12\" height=\"11\" border=\"0\"> spese viaggio dello staff di formazione dal proprio domicilio alla location (andata e ritorno).<br \/>\nI bambini che accompagnano il\/i genitore\/i alla Settimana vengono conteggiati al 50%, per due motivi:<br \/>\n1. perch\u00e8 non consumano materiali di cancelleria, dispense e fotocopie;<br \/>\n2. per non pesare troppo sul bilancio familiare e rendere difficile la partecipazione del\/dei genitore\/i.<\/em><\/p>\n<p><strong>A quanto ammontano circa i costi ripartiti tra i\/le partecipanti?<\/strong><br \/>\n<em>Sui costi le due voci che incidono maggiormente sono l&#8217;affitto della struttura e il vitto.<br \/>\nRelativamente ai pasti, nel corso della prima giornata i\/le partecipanti si accordano sui men\u00f9 e sul regime alimentare da tenere e in base alle scelte che il gruppo assume varia l&#8217;incidenza del costo del mangiare.<br \/>\nA titolo meramente di esempio, possiamo segnalare che negli ultimi anni, i costi complessivi per l&#8217;intera settimana sono variati dai 100,00 \u20ac ai 200,00 \u20ac a persona, tutto compreso.<\/em><\/p>\n<p><strong>Non posso fermarmi tutta la settimana e devo andare via un giorno prima (o arrivare un giorno dopo). C&#8217;\u00e8 qualche problema?<\/strong><br \/>\n<em>La Settimana \u00e8 riservata alle persone che si fermano per l&#8217;intera durata del percorso formativo, cio\u00e8 dalle ore 10 del luned\u00ec, alle ore 16 del sabato.<br \/>\nChi non ha questa possibilit\u00e0, pu\u00f2 iscriversi alla Settimana Nazionale del Freire l&#8217;anno successivo, cos\u00ec da avere modo di organizzare i propri impegni per poter essere presente per l&#8217;intera durata.<\/em><\/p>\n<p><strong>Ho versato la caparra (200,00 \u20ac), ma all&#8217;ultimo momento non riesco a venire. Posso averla indietro?<\/strong><br \/>\n<em>Abbiamo tenuto occupato un posto per te e questo ha impedito ad un altra persona interessata di poter partecipare.<br \/>\nInoltre, il costo che abbiamo anticipato per il posto che abbiamo riservato per te, come potremmo coprirlo economicamente?<br \/>\nCos\u00ec la caparra viene restituita a tutti\/e i\/le partecipanti solo nel remoto caso in cui l&#8217;evento dovesse non essere realizzato.<br \/>\nSe non puoi venire, ti invitiamo quindi a non richiedere la restituzione della caparra versata, come anticipo sulla ripartizione dei costi.<\/em><\/p>\n<p><strong>Ho un regime alimentare che devo seguire: \u00e8 un problema?<\/strong><br \/>\n<em>Nessun problema.<br \/>\nComunicaci con una mail i bisogni alimentari che hai, cos\u00ec che possiamo provvedere fin dal primo giorno a tenerne conto negli acquisti alimentari.<\/em><\/p>\n<p><strong>Durante la Settimana, ho del lavoro da fare, alcune riunioni online nel tempo libero, come posso organizzarmi?<\/strong><br \/>\n<em>La Settimana \u00e8 un percorso di formazione full immersion. Tutti i momenti sono parte del processo formativo di sperimentazione del metodo di coscientizzazione e di liberazione di Paulo Freire.<br \/>\nSe hai delle riunioni da realizzare o dei lavori da seguire che ritieni importanti, non trascurarli.<br \/>\nIscriviti alla Settimana Nazionale del Freire l&#8217;anno successivo, cos\u00ec che avrai modo di organizzarti per essere libera\/o da questi importanti impegni.<\/em><\/p>\n<p><strong>Vengo da lontano e sono sola\/o. C&#8217;\u00e8 qualcuno della mia zona con cui fare il viaggio insieme?<\/strong><br \/>\n<em>Siamo felici di mettere in contatto le persone che fanno lo stesso tragitto (o in parte) cos\u00ec che possano organizzarsi e venire insieme, condividendo il mezzo di trasporto, i costi di spostamento e incominciando a conoscersi.<br \/>\nIn ottemperanza alla normativa sul trattamento dei dati personali, occorre che chi \u00e8 interessata\/o a condividere il viaggio, ci autorizzi a comunicare il suo numero di telefono e\/o il suo indirizzo di posta elettronica.<\/em><\/p>\n<p><strong>Sono un dipendente pubblico. La pubblica amministrazione per cui lavoro mi chiede una ricevuta per la ripartizione dei costi tra i partecipanti: \u00e8 possibile averla?<\/strong><br \/>\n<em>Si, anche se contabilmente, non \u00e8 una voce che entra nel bilancio di StudioKappa, ma \u00e8 solo un giroconto per poter gestire l&#8217;evento.<br \/>\nIn ogni caso, possiamo mettere a disposizione questo servizio e rilasciare una ricevuta.<br \/>\nEntrando questa quota nella contabilit\u00e0 di StudioKappa, per\u00f2, occorre che alla cifra individuale dovuta alla ripartizione dei costi vivi tra i\/le partecipanti, si aggiungano due aliquote pari al 10%, l&#8217;IVA che per il momento ammonta al 22% e forfettariamente 50\u20ac per la gestione amministrativa della pratica da parte della segreteria.<br \/>\nLa stessa disponibilit\u00e0 \u00e8 percorribile per ogni altra organizzazione o persona che abbia necessit\u00e0 di questa documentazione contabile.<\/em><\/p>\n<p><strong>Sono il coordinatore di un corso di laurea universitario. Vorrei presentare questo momento di formazione agli studenti del corso e attivare la procedura per il riconoscimento dei CFU. Come posso fare?<\/strong><br \/>\n<em>Siamo disponibili ad offrire questa possibilit\u00e0 agli studenti universitari.<br \/>\nPer concordare le modalit\u00e0 amministrative e gestionali utili al riconoscimento di questo momento formativo agli studenti che partecipano alla Settimana, occorre contattare la segreteria dello studio:<br \/>\nEmail: info@studiokappa.it   &#8211;   Tel. +39 347 8672467<br \/>\nTrattandosi di una pratica amministrativa che comporter\u00e0 la produzione di documentazione ai fini della costruzione del canale amministrativo per poter offrire questa opportunit\u00e0 agli studenti, saranno poi contabilizzati dei costi per la gestione della pratica amministrativa, che normalmente ammontano forfettariamente a 50\u20ac.<\/em><\/p>\n<p><strong>Sono il referente della formazione dei giovani in servizio civile presso un ente pubblico. Vorrei inserire questo momento di formazione nel loro piano formativo e inviare alcuni giovani. Come posso fare?<\/strong><br \/>\n<em>Siamo disponibili ad offrire questa possibilit\u00e0 alle ragazze e ai ragazzi in servizio civile.<br \/>\nPer concordare le modalit\u00e0 amministrative e gestionali utili al riconoscimento di questo momento formativo, occorre contattare la segreteria dello studio:<br \/>\nEmail: info@studiokappa.it   &#8211;   Tel. +39 347 8672467<br \/>\nTrattandosi di una pratica amministrativa che potrebbe comportare la produzione di documentazione ai fini della costruzione del canale amministrativo per poter offrire questa opportunit\u00e0 ai giovani in servizio civile, potrebbero essere contabilizzati dei costi per la gestione della procedura amministrativa, che verranno conteggiati a seconda della documentazione da predisporre.<\/em><\/p>\n<p><strong>Come sono organizzate le camere da letto?<\/strong><br \/>\n<em>Le strutture che affittiamo sono tutte in autogestione. Per quanto concerne la disposizione dei letti, ogni struttura \u00e8 diversa dall&#8217;altra.<br \/>\nIn alcune strutture abbiamo avuto a disposizione delle camere da 3-4 posti letto. In altri casi, si trattava di camerate fino a 10 posti letto.<br \/>\nUomini e donne dormono in camere separate.<br \/>\nNel caso di famiglie, tentiamo di organizzare le camerate in modo da consentire alla famiglia di stare insieme, salvo diversa richiesta.<\/em><\/p>\n<p><strong>Sono un cittadino straniero, sono interessato a partecipare alla Settimana, ma non parlo bene l&#8217;italiano. Ha senso che mi iscriva?<\/strong><br \/>\n<em>La settimana \u00e8 interamente condotta in italiano.<br \/>\nIn passato hanno partecipato anche persone dalla Spagna, Chile, Portogallo, Francia, Svizzera, Repubblica Ceca, Inghilterra, Lettonia e Stati Uniti.<br \/>\nNon tutti parlavano l&#8217;italiano.<br \/>\nNel gruppo c&#8217;\u00e8 sempre stata molta disponibilit\u00e0 per tradurre tutti i momenti delle sessioni di lavoro e altri momenti informali sono stati gestiti anche con scambi in inglese, francese e spagnolo.<br \/>\nI\/le partecipanti non italiani\/e, nel momento di verifica finale, hanno sempre espresso molta soddisfazione per il percorso formativo, nonostante alcuni passaggi metodologici possano averli compresi solo in parte.<br \/>\n<\/em><\/p>\n<p><strong>Viene rilasciato un attestato di partecipazione?<\/strong><br \/>\n<em>Si, il sabato alle ore 16, al termine dell&#8217;evento viene consegnato ai\/alle partecipanti un attestato di partecipazione, rilasciato da StudioKappa.<br \/>\n<\/em><\/p>\n<p><em><br \/>\n<\/em><\/p>\n","protected":false},"excerpt":{"rendered":"<p>Settimana Nazionale del Freire &#8211; Faq Le risposte alle domande pi\u00f9 comuni Qui di seguito riportiamo le domande pi\u00f9 frequenti che riceviamo. Come posso iscrivermi? Occorre compilare il form online ed effettuare il versamento della caparra, pari a 200 \u20ac. All&#8217;accredito della caparra, si riceve una nota via mail che conferma l&#8217;inserimento tra i\/le partecipanti. [&hellip;]<\/p>\n","protected":false},"author":1,"featured_media":0,"parent":0,"menu_order":0,"comment_status":"closed","ping_status":"closed","template":"","meta":{"footnotes":""},"class_list":["post-17460","page","type-page","status-publish","hentry"],"_links":{"self":[{"href":"https:\/\/www.studiokappa.it\/index.php?rest_route=\/wp\/v2\/pages\/17460","targetHints":{"allow":["GET"]}}],"collection":[{"href":"https:\/\/www.studiokappa.it\/index.php?rest_route=\/wp\/v2\/pages"}],"about":[{"href":"https:\/\/www.studiokappa.it\/index.php?rest_route=\/wp\/v2\/types\/page"}],"author":[{"embeddable":true,"href":"https:\/\/www.studiokappa.it\/index.php?rest_route=\/wp\/v2\/users\/1"}],"replies":[{"embeddable":true,"href":"https:\/\/www.studiokappa.it\/index.php?rest_route=%2Fwp%2Fv2%2Fcomments&post=17460"}],"version-history":[{"count":0,"href":"https:\/\/www.studiokappa.it\/index.php?rest_route=\/wp\/v2\/pages\/17460\/revisions"}],"wp:attachment":[{"href":"https:\/\/www.studiokappa.it\/index.php?rest_route=%2Fwp%2Fv2%2Fmedia&parent=17460"}],"curies":[{"name":"wp","href":"https:\/\/api.w.org\/{rel}","templated":true}]}}