{"id":16145,"date":"2022-12-20T16:08:07","date_gmt":"2022-12-20T16:08:07","guid":{"rendered":"http:\/\/www.studiokappa.it\/?page_id=16145"},"modified":"2024-05-10T12:48:17","modified_gmt":"2024-05-10T12:48:17","slug":"auto-rafforzamento-accompagnato","status":"publish","type":"page","link":"https:\/\/www.studiokappa.it\/?page_id=16145","title":{"rendered":"L&#8217;Auto-RafforzamentoFacilitato"},"content":{"rendered":"<p><span style=\"color: #6600ff; font-size: medium;\"><b>L&#8217;Auto-Rafforzamento Facilitato\u00a0<\/b><\/span><\/p>\n<p><span style=\"color: #6600ff; font-size: medium;\"><i><em>L&#8217;empowerment delle Organizzazioni con un approccio Ecologico, Sistemico e Orientato all&#8217;Autonomia<\/em><\/i><\/span><\/p>\n<table border=\"0\" width=\"100%\" cellspacing=\"0\" cellpadding=\"0\" align=\"center\">\n<tbody>\n<tr>\n<td valign=\"top\">\n<div align=\"center\"><img fetchpriority=\"high\" decoding=\"async\" class=\"alignnone wp-image-20226 size-medium\" src=\"https:\/\/www.studiokappa.it\/wp-content\/uploads\/2023\/09\/foto-1-1-600x450.jpg\" alt=\"\" width=\"600\" height=\"450\" srcset=\"https:\/\/www.studiokappa.it\/wp-content\/uploads\/2023\/09\/foto-1-1-600x450.jpg 600w, https:\/\/www.studiokappa.it\/wp-content\/uploads\/2023\/09\/foto-1-1-768x576.jpg 768w, https:\/\/www.studiokappa.it\/wp-content\/uploads\/2023\/09\/foto-1-1.jpg 1024w\" sizes=\"(max-width: 600px) 100vw, 600px\" \/><\/div>\n<\/td>\n<\/tr>\n<\/tbody>\n<\/table>\n<div><\/div>\n<div><\/div>\n<p>Con il termine rafforzamento organizzativo ci si riferisce ad un insieme di strategie, processi e azioni intraprese all&#8217;interno di un&#8217;organizzazione al fine di migliorare le sue prestazioni, la resilienza e l&#8217;efficacia complessiva.<\/p>\n<p>Si tratta di un approccio proattivo che mira a potenziare le risorse interne dell&#8217;organizzazione, come le competenze delle persone, i processi operativi, la cultura organizzativa e le relazioni con i soggetti esterni all&#8217;organizzazione. Attraverso interventi di rafforzamento organizzativo si possono raggiungere una serie di benefici significativi. Innanzitutto, migliora la capacit\u00e0 di definire e ridefinire la propria identit\u00e0 e cultura organizzativa, di rispondere alle nuove sfide, di adattarsi ai cambiamenti dell&#8217;ambiente esterno e dell&#8217;ecosistema in cui l&#8217;organizzazione vive e <strong>promuove l&#8217;empowerment personale e collettivo di tutti i membri<\/strong> che compongono l&#8217;organizzazione <strong>per costruire mind-set e competenze, allenarne<\/strong> la flessibilit\u00e0 e <strong>la capacit\u00e0 di far fronte alle successive necessit\u00e0 in completa autonomia<\/strong>.\u00a0S\u00ec, l&#8217;autonomia.<\/p>\n<p>L&#8217;auto-rafforzamento accompagnato \u00e8 infatti un approccio che va oltre il semplice miglioramento delle capacit\u00e0 individuali dei membri di un organizzazione per far fronte ad una necessit\u00e0 specifica o puntuale, ma apre ad una <strong>visione sistemica ed ecologica<\/strong> e si fonda su un approccio empowering, volto cio\u00e8 a rafforzare il potere complessivo dell&#8217;organizzazione medesima.<\/p>\n<p>Nasce da pi\u00f9 di 20 anni di esperienza al fianco di centinaia di organizzazioni di diverse forme, dimensioni, natura, struttura e a diverse latitudini del mondo: organizzazioni non governative, aziende, enti ecclesiastici, associazioni, organizzazioni e movimenti di base, reti di primo e secondo livello, cooperative, istituti scolastici, pubbliche amministrazioni, sindacati, etc.<\/p>\n<p>Si tratta di un approccio orientato a sostenere la realizzazione di un processo dinamico in cui i soggetti implicati sono protagonisti attivi del percorso e concorrono direttamente alla costruzione di nuove conoscenze ed attitudini, premesse indispensabili ad un intervento e ad un cambiamento efficace nei differenti ambiti della vita sociale ed organizzativa.<\/p>\n<p>Si ricerca costantemente il duplice obiettivo di promuovere il rafforzamento individuale (anche nelle diverse espressioni gruppali) e di costruire spazi in cui, le persone, pi\u00f9 consapevoli di se stesse e del potere che hanno, agiscono con maggiore efficacia nei contesti collettivi in cui sono impegnate apportando innovazione e cambiamento durevoli.<\/p>\n<p><strong>La governance e la gestione del processo di rafforzamento rimane \u00a0interna all\u2019organizzazione.<\/strong><\/p>\n<p>Il ruolo del consulente \u00e8 quella di facilitare il processo di auto rafforzamento dell&#8217;organizzazione mettendo a disposizione della stessa:<\/p>\n<p><span style=\"color: initial;\">-tutela di una programmazione puntuale dei tempi e delle fasi del lavoro in cui realizzare gli obiettivi condivisi<\/span><\/p>\n<p>&#8211; cura di setting e format innovativi che strutturano un nuovo mind-set condiviso,\u00a0 la competenza dell&#8217;ascolto empatico e del dialogo maieutico<\/p>\n<p>-metodologie, strumenti e modelli teorici come occasione per attivare e sistematizzare la ricerca, la condivisione e la conoscenza<\/p>\n<p>-servizio di sistemazione dei contenuti emersi e la loro puntuale e finale restituzione.<\/p>\n<p>Questa modalit\u00e0 consente alle persone che \u201cabitano\u201d l\u2019organizzazione di acquisire competenze e strumenti che restano poi una risorsa per il sistema organizzativo.<\/p>\n<p>Si tratta di un processo di facilitazione ad alta intensit\u00e0, che si pone finalit\u00e0 di:<\/p>\n<p><strong>-strenghtened capacity &#8211;<\/strong> rafforzamento delle capacit\u00e0 dell&#8217;organizzazione, con un intervento in cui la stessa organizzazione apprende, cresce, si forma e matura<\/p>\n<p><strong>-empowerment &#8211; <\/strong>con un intervento che punta a rafforzare il potere dell&#8217;organizzazione di collocarsi rispetto ai propri obiettivi di sviluppo<\/p>\n<p><strong>-sviluppo &#8211;<\/strong>\u00a0con un intervento che punta a produrre cambiamento ed \u00e8 orientato al risultato.<\/p>\n<p>Gli incontri sono condotti con metodologie attive a diretto coinvolgimento dei partecipanti e un approccio di Ricerca-Formazione, secondo un approccio globale di Sviluppo di Comunit\u00e0 applicato ai contesti organizzativi.<\/p>\n<p>L&#8217;approccio \u00e8 caratterizzato da una altissima flessibilit\u00e0 che lo rende adattabile facilmente alla taglia di ogni organizzazione, alla sua complessit\u00e0, al suo contesto ed alle capacit\u00e0 dei suoi membri.<\/p>\n<p>Questo approccio riconosce particolare importanza ai differenti aspetti del potere ed alla relazione tra l\u2019individuo, l\u2019organizzazione e la societ\u00e0\/ambiente nel quale la medesima \u00e8 incarnata.<\/p>\n<p><strong>Principali interventi:<\/strong><\/p>\n<p><strong>Agrispesa &#8211; Agricoltura contadina, <\/strong>Magliano Alfieri (At): Intervento consulenziale per la ridefinizione dell&#8217;identit\u00e0 organizzativa, 2019<\/p>\n<p><strong>Coop. I tesori della Terra, <\/strong>Cervasca (Cn): Intervento consulenziale per l&#8217;elaborazione Partecipata di Vision, Mission e Strategie del Distretto della Comunit\u00e0 Papa Giovanni XXIII, 2022<\/p>\n<p><strong>Il Bosco delle Galline Volanti<\/strong>, Barolo (Cn): Intervento consulenziale per lo sviluppo di relazioni ecologiche, 2023.<\/p>\n","protected":false},"excerpt":{"rendered":"<p>L&#8217;Auto-Rafforzamento Facilitato\u00a0 L&#8217;empowerment delle Organizzazioni con un approccio Ecologico, Sistemico e Orientato all&#8217;Autonomia Con il termine rafforzamento organizzativo ci si riferisce ad un insieme di strategie, processi e azioni intraprese all&#8217;interno di un&#8217;organizzazione al fine di migliorare le sue prestazioni, la resilienza e l&#8217;efficacia complessiva. Si tratta di un approccio proattivo che mira a potenziare [&hellip;]<\/p>\n","protected":false},"author":1,"featured_media":0,"parent":0,"menu_order":0,"comment_status":"closed","ping_status":"closed","template":"","meta":{"footnotes":""},"class_list":["post-16145","page","type-page","status-publish","hentry"],"_links":{"self":[{"href":"https:\/\/www.studiokappa.it\/index.php?rest_route=\/wp\/v2\/pages\/16145","targetHints":{"allow":["GET"]}}],"collection":[{"href":"https:\/\/www.studiokappa.it\/index.php?rest_route=\/wp\/v2\/pages"}],"about":[{"href":"https:\/\/www.studiokappa.it\/index.php?rest_route=\/wp\/v2\/types\/page"}],"author":[{"embeddable":true,"href":"https:\/\/www.studiokappa.it\/index.php?rest_route=\/wp\/v2\/users\/1"}],"replies":[{"embeddable":true,"href":"https:\/\/www.studiokappa.it\/index.php?rest_route=%2Fwp%2Fv2%2Fcomments&post=16145"}],"version-history":[{"count":0,"href":"https:\/\/www.studiokappa.it\/index.php?rest_route=\/wp\/v2\/pages\/16145\/revisions"}],"wp:attachment":[{"href":"https:\/\/www.studiokappa.it\/index.php?rest_route=%2Fwp%2Fv2%2Fmedia&parent=16145"}],"curies":[{"name":"wp","href":"https:\/\/api.w.org\/{rel}","templated":true}]}}