{"id":11401,"date":"2019-01-09T12:05:58","date_gmt":"2019-01-09T12:05:58","guid":{"rendered":"http:\/\/www.studiokappa.it\/?page_id=11401"},"modified":"2019-02-04T11:50:45","modified_gmt":"2019-02-04T11:50:45","slug":"reading-the-world-and-reading-the-word","status":"publish","type":"page","link":"https:\/\/www.studiokappa.it\/?page_id=11401","title":{"rendered":"Reading the world and reading the words &#8211; corso Narzole"},"content":{"rendered":"\n<p><\/p>\n\n\n<p><strong><span style=\"color: #6600ff;font-size: medium\">Reading the world and reading the word<\/span><\/strong><br><em><span style=\"color: #6600ff;font-size: medium\">Educazione alla cittadinanza                                                                                        nei processi di inclusione degli studenti migranti <\/span><\/em><\/p>\n<p style=\"text-align: center\"><\/p>\n\n\n<div class=\"wp-block-image\"><figure class=\"aligncenter is-resized\"><img fetchpriority=\"high\" decoding=\"async\" src=\"http:\/\/www.studiokappa.it\/wp-content\/uploads\/2019\/01\/libro-per-apprendere-1024x768.jpg\" alt=\"\" class=\"wp-image-11402\" width=\"408\" height=\"305\" srcset=\"https:\/\/www.studiokappa.it\/wp-content\/uploads\/2019\/01\/libro-per-apprendere-1024x768.jpg 1024w, https:\/\/www.studiokappa.it\/wp-content\/uploads\/2019\/01\/libro-per-apprendere-600x450.jpg 600w, https:\/\/www.studiokappa.it\/wp-content\/uploads\/2019\/01\/libro-per-apprendere-300x225.jpg 300w, https:\/\/www.studiokappa.it\/wp-content\/uploads\/2019\/01\/libro-per-apprendere-768x576.jpg 768w, https:\/\/www.studiokappa.it\/wp-content\/uploads\/2019\/01\/libro-per-apprendere.jpg 1600w\" sizes=\"(max-width: 408px) 100vw, 408px\" \/><\/figure><\/div>\n\n\n\n<p>Il 29 e il 30 Giugno 2019 si tiene a Narzole (CN), un weekend di formazione condotto da&nbsp;<a href=\"http:\/\/www.studiokappa.it\/?page_id=5555\">Anna Zumbo<\/a>, consulente, project designer e formatore nei processi di rafforzamento delle organizzazioni e sviluppo di comunit\u00e0.<\/p>\n\n\n\n<p style=\"text-align:left\">Il percorso promuove la consapevolezza su quanto lo spazio ed il tempo della relazione con gli studenti siano preziosi &#8211; al di l\u00e0 dell\u2019esercizio dell\u2019insegnamento e dell\u2019apprendimento delle differenti discipline &#8211; per il potenziamento delle competenze linguistiche  e per la creazione di quel legame di comprensione, riconoscimento, elaborazione del senso di radicamento e sviluppo di senso di consapevolezza del proprio &nbsp;potere nonch\u00e9 della responsabilit\u00e0 di agire nel contesto per apportarvi il proprio contributo (intendendo questa competenza come esercizio attivo della cittadinanza). <\/p>\n\n\n\n<p>Il corso offre agli insegnanti l\u2019opportunit\u00e0 di sperimentare un approccio metodologico volto a potenziare le competenze linguistiche degli studenti &#8211; italiani e stranieri &#8211; che, imparando a leggere e scrivere, apprendono ad esprimere parole che hanno la possibilit\u00e0 di generare comportamenti nuovi, sviluppare la propria capacit\u00e0 di lettura del mondo, costruire la propria motivazione a trasformarlo.<br><\/p>\n\n\n\n<p>Durante il weekend di formazione,&nbsp;viene: <\/p>\n\n\n\n<p> &#8211; introdotto e progressivamente approfondito il costrutto filosofico, antropologico e pedagogico di Paulo Freire e le convergenze con i suoi contemporanei italiani Lorenzo Milani e Danilo Dolci; <\/p>\n\n\n<p> &#8211; stimolata una riflessione critica con i partecipanti volta ad analizzare l\u2019approccio depositario dell\u2019insegnamento e della relazione docente-discente  quali paradigmi di modi  di concepire se stessi, gli altri ed il rispettivo potere di agire nel mondo e di trasformare la realt\u00e0;<br>\n<!-- \/wp:post-content -->\n<\/p>\n<p> &#8211; accompagnato un processo di \u201creinvenzione\u201d e sperimentazione del \u201cmetodo\u201d per la coscientizzazione e\/o l\u2019alfabetizzazione del Freire che parta dai vissuti degli studenti\/studentesse e stimoli percorsi di \tauto-riconoscimento;<br>\n<!-- \/wp:paragraph --><\/p>\n<p> &#8211; sperimentata la ricerca dei temi generatori che appartengono al vissuto antropologico ed all\u2019universo semantico degli apprendenti;<br>\n<!-- \/wp:paragraph --><\/p>\n<p> &#8211; stimolato un approccio maieutico per l\u2019attivazione della motivazione<br>\nall\u2019apprendimento e all\u2019esercizio consapevole del potere della parola che implica capacit\u00e0 di analisi, capacit\u00e0 di scelta, capacit\u00e0 di intervento nella realt\u00e0;<\/p>\n<p><!-- \/wp:paragraph --><\/p>\n<p> &#8211; costruito l\u2019impianto delle competenze metodologiche per stimolare la propria ed altrui capacit\u00e0 di \u201clettura del mondo\u201d sperimentandosi nel fare del \u201ccontesto\u201d il \u201ctesto\u201d da cui muovere sia l\u2019insegnamento delle diverse discipline, sia la relazione educativa.<\/p>\n<p><\/p>\n<p><!-- \/wp:paragraph --><\/p>\n<p><!-- wp:paragraph --><\/p>\n<p><a href=\"http:\/\/www.studiokappa.it\/wp-content\/uploads\/2019\/01\/read-the-world-and-read-the-words-5-1.jpg\">Scarica il depliant dell&#8217;evento formativo<\/a><\/p>\n<p><!-- \/wp:paragraph --><\/p>\n<p><!-- wp:paragraph --><\/p>\n<p><a href=\"http:\/\/www.studiokappa.it\/?page_id=4059\" target=\"_blank\" rel=\"noreferrer noopener\">Compila il modulo di iscrizione<\/a><\/p>\n<p><!-- \/wp:paragraph --><\/p>","protected":false},"excerpt":{"rendered":"<p>Reading the world and reading the wordEducazione alla cittadinanza nei processi di inclusione degli studenti migranti Il 29 e il 30 Giugno 2019 si tiene a Narzole (CN), un weekend di formazione condotto da&nbsp;Anna Zumbo, consulente, project designer e formatore nei processi di rafforzamento delle organizzazioni e sviluppo di comunit\u00e0. Il percorso promuove la consapevolezza [&hellip;]<\/p>\n","protected":false},"author":58,"featured_media":0,"parent":0,"menu_order":0,"comment_status":"closed","ping_status":"closed","template":"","meta":{"footnotes":""},"class_list":["post-11401","page","type-page","status-publish","hentry"],"_links":{"self":[{"href":"https:\/\/www.studiokappa.it\/index.php?rest_route=\/wp\/v2\/pages\/11401","targetHints":{"allow":["GET"]}}],"collection":[{"href":"https:\/\/www.studiokappa.it\/index.php?rest_route=\/wp\/v2\/pages"}],"about":[{"href":"https:\/\/www.studiokappa.it\/index.php?rest_route=\/wp\/v2\/types\/page"}],"author":[{"embeddable":true,"href":"https:\/\/www.studiokappa.it\/index.php?rest_route=\/wp\/v2\/users\/58"}],"replies":[{"embeddable":true,"href":"https:\/\/www.studiokappa.it\/index.php?rest_route=%2Fwp%2Fv2%2Fcomments&post=11401"}],"version-history":[{"count":0,"href":"https:\/\/www.studiokappa.it\/index.php?rest_route=\/wp\/v2\/pages\/11401\/revisions"}],"wp:attachment":[{"href":"https:\/\/www.studiokappa.it\/index.php?rest_route=%2Fwp%2Fv2%2Fmedia&parent=11401"}],"curies":[{"name":"wp","href":"https:\/\/api.w.org\/{rel}","templated":true}]}}